{"id":15935,"date":"2020-06-29T11:02:33","date_gmt":"2020-06-29T09:02:33","guid":{"rendered":"http:\/\/virgilcasimir.com\/projetswp\/gmetz\/?page_id=15935"},"modified":"2020-11-20T00:50:14","modified_gmt":"2020-11-19T23:50:14","slug":"le-domaine","status":"publish","type":"page","link":"https:\/\/domainegmetz.com\/en\/le-domaine\/","title":{"rendered":"The Estate"},"content":{"rendered":"<div      class=\"vc_row wpb_row section vc_row-fluid  vc_custom_1593427046204 grid_section\" style=' text-align:left;'><div class=\"section_inner clearfix\"><div class='section_inner_margin clearfix'><div class=\"element_from_fade\"><div><div class=\"wpb_column vc_column_container vc_col-sm-12\"><div class=\"vc_column-inner\"><div class=\"wpb_wrapper\">\t<div class=\"vc_empty_space\"  style=\"height: 32px\" ><span\n\t\t\tclass=\"vc_empty_space_inner\">\n\t\t\t<span class=\"empty_space_image\"  ><\/span>\n\t\t<\/span><\/div>\n\n<div class='q_elements_holder two_columns responsive_mode_from_768' ><div class='q_elements_item' data-animation='no' data-item-class='q_elements_holder_custom_863758'><div class='q_elements_item_inner'><div class='q_elements_item_content q_elements_holder_custom_863758' style='padding:0px 25px 0px 0px'>\n\t<div class=\"wpb_text_column wpb_content_element  vc_custom_1601995108955\">\n\t\t<div class=\"wpb_wrapper\">\n\t\t\t<h2>Our Story<\/h2>\n\n\t\t<\/div> \n\t<\/div> \n\t<div class=\"wpb_text_column wpb_content_element\">\n\t\t<div class=\"wpb_wrapper\">\n\t\t\t<p>The Metz family has been growing vines around the village of Epfig, but the family\u2019s main focus until 1920\/25 was agriculture<\/p>\n<p>Marcellin Metz began growing vines on land of the neighbouring village of Itterswiller in 1930, and in 1936 he decided to concentrate on producing grapes for wine.<br \/>\nMarcellin passed on his knowledge to his 2 sons and in 1966 G\u00e9rard and Ren\u00e9 decided to start bottling and marketing their own wines.<\/p>\n<p>G\u00e9rard and Ren\u00e9 took a great deal of care\nover quality of their wine meant sales soon\nbegan to grow in France.<br \/>\nOver the years, they grew their estate by\nbuying some excellent terroirs both in\nItterswiller and nearby.<\/p>\n\n\t\t<\/div> \n\t<\/div> <\/div><\/div><\/div><div class='q_elements_item' data-animation='no' data-item-class='q_elements_holder_custom_848850'><div class='q_elements_item_inner'><div class='q_elements_item_content q_elements_holder_custom_848850' style='padding:0px 0px 0px 25px'><div class=\"qode-advanced-image-gallery  qode-aig-masonry-type qode-tiny-space\">\n\t<div class=\"qode-aig-inner qode-outer-space qode-aig-masonry qode-aig-two-columns\">\n\t\t<div class=\"qode-aig-grid-sizer\"><\/div>\n\t\t<div class=\"qode-aig-grid-gutter\"><\/div>\n\t\t\t\t\t\t\t\t<div class=\"qode-aig-image qode-item-space qode-aig-default-masonry-item\">\n\t\t\t\t<div class=\"qode-aig-image-inner\">\n\t\t\t\t\t\t\t\t\t\t\t<img width=\"961\" height=\"671\" src=\"https:\/\/domainegmetz.com\/wp-content\/uploads\/2020\/11\/Vendanges-1946.jpg\" class=\"attachment-large size-large\" alt=\"\" loading=\"lazy\" srcset=\"https:\/\/domainegmetz.com\/wp-content\/uploads\/2020\/11\/Vendanges-1946.jpg 961w, https:\/\/domainegmetz.com\/wp-content\/uploads\/2020\/11\/Vendanges-1946-600x419.jpg 600w, https:\/\/domainegmetz.com\/wp-content\/uploads\/2020\/11\/Vendanges-1946-768x536.jpg 768w, https:\/\/domainegmetz.com\/wp-content\/uploads\/2020\/11\/Vendanges-1946-700x489.jpg 700w, https:\/\/domainegmetz.com\/wp-content\/uploads\/2020\/11\/Vendanges-1946-300x209.jpg 300w\" sizes=\"(max-width: 961px) 100vw, 961px\" \/>\t\t\t\t\t\t<span class=\"aig-gallery-hover\">\n\t\t\t\t\t\t\t\t\t\t\t\t\t<\/span>\n\t\t\t\t\t\t\t\t\t<\/div>\n\t\t\t<\/div>\n\t\t\t\t\t\t\t\t<div class=\"qode-aig-image qode-item-space qode-aig-default-masonry-item\">\n\t\t\t\t<div class=\"qode-aig-image-inner\">\n\t\t\t\t\t\t\t\t\t\t\t<img width=\"703\" height=\"1024\" src=\"https:\/\/domainegmetz.com\/wp-content\/uploads\/2020\/11\/Vendanges-1961-703x1024.jpg\" class=\"attachment-large size-large\" alt=\"\" loading=\"lazy\" srcset=\"https:\/\/domainegmetz.com\/wp-content\/uploads\/2020\/11\/Vendanges-1961-703x1024.jpg 703w, https:\/\/domainegmetz.com\/wp-content\/uploads\/2020\/11\/Vendanges-1961-412x600.jpg 412w, https:\/\/domainegmetz.com\/wp-content\/uploads\/2020\/11\/Vendanges-1961-768x1119.jpg 768w, https:\/\/domainegmetz.com\/wp-content\/uploads\/2020\/11\/Vendanges-1961-700x1020.jpg 700w, https:\/\/domainegmetz.com\/wp-content\/uploads\/2020\/11\/Vendanges-1961-300x437.jpg 300w, https:\/\/domainegmetz.com\/wp-content\/uploads\/2020\/11\/Vendanges-1961-600x874.jpg 600w, https:\/\/domainegmetz.com\/wp-content\/uploads\/2020\/11\/Vendanges-1961.jpg 821w\" sizes=\"(max-width: 703px) 100vw, 703px\" \/>\t\t\t\t\t\t<span class=\"aig-gallery-hover\">\n\t\t\t\t\t\t\t\t\t\t\t\t\t<\/span>\n\t\t\t\t\t\t\t\t\t<\/div>\n\t\t\t<\/div>\n\t\t\t\t\t\t\t\t<div class=\"qode-aig-image qode-item-space qode-aig-default-masonry-item\">\n\t\t\t\t<div class=\"qode-aig-image-inner\">\n\t\t\t\t\t\t\t\t\t\t\t<img width=\"1024\" height=\"692\" src=\"https:\/\/domainegmetz.com\/wp-content\/uploads\/2020\/11\/Mise-en-bouteilles-1976-1024x692.jpg\" class=\"attachment-large size-large\" alt=\"\" loading=\"lazy\" srcset=\"https:\/\/domainegmetz.com\/wp-content\/uploads\/2020\/11\/Mise-en-bouteilles-1976-1024x692.jpg 1024w, https:\/\/domainegmetz.com\/wp-content\/uploads\/2020\/11\/Mise-en-bouteilles-1976-600x406.jpg 600w, https:\/\/domainegmetz.com\/wp-content\/uploads\/2020\/11\/Mise-en-bouteilles-1976-768x519.jpg 768w, https:\/\/domainegmetz.com\/wp-content\/uploads\/2020\/11\/Mise-en-bouteilles-1976-700x473.jpg 700w, https:\/\/domainegmetz.com\/wp-content\/uploads\/2020\/11\/Mise-en-bouteilles-1976-300x203.jpg 300w, https:\/\/domainegmetz.com\/wp-content\/uploads\/2020\/11\/Mise-en-bouteilles-1976.jpg 1466w\" sizes=\"(max-width: 1024px) 100vw, 1024px\" \/>\t\t\t\t\t\t<span class=\"aig-gallery-hover\">\n\t\t\t\t\t\t\t\t\t\t\t\t\t<\/span>\n\t\t\t\t\t\t\t\t\t<\/div>\n\t\t\t<\/div>\n\t\t\t<\/div>\n<\/div><\/div><\/div><\/div><\/div><\/div><\/div><\/div><\/div><\/div><\/div><\/div><\/div><div      class=\"vc_row wpb_row section vc_row-fluid  vc_custom_1593425643552 grid_section\" style=' text-align:left;'><div class=\"section_inner clearfix\"><div class='section_inner_margin clearfix'><div class=\"element_from_fade\"><div><div class=\"wpb_column vc_column_container vc_col-sm-12\"><div class=\"vc_column-inner\"><div class=\"wpb_wrapper\"><div class='q_elements_holder two_columns responsive_mode_from_768' ><div class='q_elements_item' data-animation='no' data-item-class='q_elements_holder_custom_582201'><div class='q_elements_item_inner'><div class='q_elements_item_content q_elements_holder_custom_582201' style='padding:0px 25px 0px 0px'>\n\t<div class=\"wpb_single_image wpb_content_element vc_align_left\">\n\t\t<div class=\"wpb_wrapper\">\n\t\t\t\n\t\t\t<div class=\"vc_single_image-wrapper   vc_box_border_grey\"><img width=\"1000\" height=\"1000\" src=\"https:\/\/domainegmetz.com\/wp-content\/uploads\/2020\/11\/eric-casimir-1000px-square.jpg\" class=\"vc_single_image-img attachment-full\" alt=\"\" loading=\"lazy\" srcset=\"https:\/\/domainegmetz.com\/wp-content\/uploads\/2020\/11\/eric-casimir-1000px-square.jpg 1000w, https:\/\/domainegmetz.com\/wp-content\/uploads\/2020\/11\/eric-casimir-1000px-square-600x600.jpg 600w, https:\/\/domainegmetz.com\/wp-content\/uploads\/2020\/11\/eric-casimir-1000px-square-300x300.jpg 300w, https:\/\/domainegmetz.com\/wp-content\/uploads\/2020\/11\/eric-casimir-1000px-square-768x768.jpg 768w, https:\/\/domainegmetz.com\/wp-content\/uploads\/2020\/11\/eric-casimir-1000px-square-570x570.jpg 570w, https:\/\/domainegmetz.com\/wp-content\/uploads\/2020\/11\/eric-casimir-1000px-square-500x500.jpg 500w, https:\/\/domainegmetz.com\/wp-content\/uploads\/2020\/11\/eric-casimir-1000px-square-700x700.jpg 700w, https:\/\/domainegmetz.com\/wp-content\/uploads\/2020\/11\/eric-casimir-1000px-square-100x100.jpg 100w\" sizes=\"(max-width: 1000px) 100vw, 1000px\" \/><\/div>\n\t\t<\/div>\n\t<\/div>\n<\/div><\/div><\/div><div class='q_elements_item' data-animation='no' data-item-class='q_elements_holder_custom_189579'><div class='q_elements_item_inner'><div class='q_elements_item_content q_elements_holder_custom_189579' style='padding:0px 0px 0px 25px'>\n\t<div class=\"wpb_text_column wpb_content_element\">\n\t\t<div class=\"wpb_wrapper\">\n\t\t\t<p>Domaine G. METZ now comprises over 18 ha\nof vineyards located across the renowned\nhillsides of Itterswiller, Epfig, Nothalten,\nGertwiller, Obernai, Heiligenstein, Andlau\nand Mittelbergheim.<br \/>\nAujourd\u2019hui, le Domaine G. METZ se compose de plus de 18 \u00adhectares de vignes situ\u00e9es sur les coteaux r\u00e9put\u00e9s d\u2019Itterswiller, Epfig, \u00adNothalten, Gertwiller, Obernai, Heiligenstein, Andlau et Mittelbergheim.<\/p>\n<p>In 1989, Eric Casimir, who originally came\nfrom Champagne, married one of G\u00e9rard\u2019s\ndaughters and moved to Itterswiller. To learn\nthe trade, he spent 3 years at the agricultural\nlyc\u00e9e of Obernai and then 5 years working in\nthe vineyards of the family estate. Eric took\nover winemaking duties from G\u00e9rard in 1996<\/p>\n<p>Domaine G.Metz wines are sold to the general\npublic, wine merchants and to restaurants in\nFrance and abroad. 35 % of the estate\u2019s wine\nproduction was sold for export (Great Britain,\nCzech Republic, China, Japan, USA, etc...).<\/p>\n\n\t\t<\/div> \n\t<\/div> <\/div><\/div><\/div><\/div><\/div><\/div><\/div><\/div><\/div><\/div><\/div><\/div><div      class=\"vc_row wpb_row section vc_row-fluid  vc_custom_1593427250934 grid_section\" style=' text-align:left;'><div class=\"section_inner clearfix\"><div class='section_inner_margin clearfix'><div class=\"element_from_fade\"><div><div class=\"wpb_column vc_column_container vc_col-sm-12\"><div class=\"vc_column-inner\"><div class=\"wpb_wrapper\"><div class='q_elements_holder two_columns responsive_mode_from_768' ><div class='q_elements_item' data-animation='no' data-item-class='q_elements_holder_custom_397837'><div class='q_elements_item_inner'><div class='q_elements_item_content q_elements_holder_custom_397837' style='padding:0px 25px 0px 0px'>\n\t<div class=\"wpb_text_column wpb_content_element  vc_custom_1593426975501\">\n\t\t<div class=\"wpb_wrapper\">\n\t\t\t<h2>Our Philosophy<\/h2>\n\n\t\t<\/div> \n\t<\/div> \n\t<div class=\"wpb_text_column wpb_content_element\">\n\t\t<div class=\"wpb_wrapper\">\n\t\t\t<p>For several generations, our family devoted\nherself with fervor and enthusiasm to this\ndivine alchemy born of a subtile bond of\nterroir and grape variety.<br \/>\nWinemakers above all, we defend an exacting\nethics of our profession which leads us to\nproduce only Alsace wines grapes from the\nbest grapes and raised in traditional rules.<br \/>\nWe campaign in favor of a environmentally\nfriendly viticulture that respects the environment\nand we drive our production with\nstrict specifications. These are the essential\nconditions for protecting our environment\nand practising sustainable viticulture.<\/p>\n\n\t\t<\/div> \n\t<\/div> <\/div><\/div><\/div><div class='q_elements_item' data-animation='no' data-item-class='q_elements_holder_custom_995325'><div class='q_elements_item_inner'><div class='q_elements_item_content q_elements_holder_custom_995325' style='padding:0px 0px 0px 25px'>\n\t<div class=\"wpb_single_image wpb_content_element vc_align_left\">\n\t\t<div class=\"wpb_wrapper\">\n\t\t\t\n\t\t\t<div class=\"vc_single_image-wrapper   vc_box_border_grey\"><img width=\"1000\" height=\"668\" src=\"https:\/\/domainegmetz.com\/wp-content\/uploads\/2020\/11\/DSC7814-1000p.png\" class=\"vc_single_image-img attachment-full\" alt=\"\" loading=\"lazy\" srcset=\"https:\/\/domainegmetz.com\/wp-content\/uploads\/2020\/11\/DSC7814-1000p.png 1000w, https:\/\/domainegmetz.com\/wp-content\/uploads\/2020\/11\/DSC7814-1000p-600x401.png 600w, https:\/\/domainegmetz.com\/wp-content\/uploads\/2020\/11\/DSC7814-1000p-768x513.png 768w, https:\/\/domainegmetz.com\/wp-content\/uploads\/2020\/11\/DSC7814-1000p-700x468.png 700w, https:\/\/domainegmetz.com\/wp-content\/uploads\/2020\/11\/DSC7814-1000p-300x200.png 300w\" sizes=\"(max-width: 1000px) 100vw, 1000px\" \/><\/div>\n\t\t<\/div>\n\t<\/div>\n<\/div><\/div><\/div><\/div><\/div><\/div><\/div><\/div><\/div><\/div><\/div><\/div><div      class=\"vc_row wpb_row section vc_row-fluid  vc_custom_1593427245140 grid_section\" style=' text-align:left;'><div class=\"section_inner clearfix\"><div class='section_inner_margin clearfix'><div class=\"element_from_fade\"><div><div class=\"wpb_column vc_column_container vc_col-sm-12\"><div class=\"vc_column-inner\"><div class=\"wpb_wrapper\"><div class='q_elements_holder two_columns responsive_mode_from_768' ><div class='q_elements_item' data-animation='no' data-item-class='q_elements_holder_custom_859251'><div class='q_elements_item_inner'><div class='q_elements_item_content q_elements_holder_custom_859251' style='padding:0px 25px 0px 0px'>\n\t<div class=\"wpb_single_image wpb_content_element vc_align_left\">\n\t\t<div class=\"wpb_wrapper\">\n\t\t\t\n\t\t\t<div class=\"vc_single_image-wrapper   vc_box_border_grey\"><img width=\"1000\" height=\"1000\" src=\"https:\/\/domainegmetz.com\/wp-content\/uploads\/2020\/11\/tonneau-1000px.jpg\" class=\"vc_single_image-img attachment-full\" alt=\"\" loading=\"lazy\" srcset=\"https:\/\/domainegmetz.com\/wp-content\/uploads\/2020\/11\/tonneau-1000px.jpg 1000w, https:\/\/domainegmetz.com\/wp-content\/uploads\/2020\/11\/tonneau-1000px-600x600.jpg 600w, https:\/\/domainegmetz.com\/wp-content\/uploads\/2020\/11\/tonneau-1000px-300x300.jpg 300w, https:\/\/domainegmetz.com\/wp-content\/uploads\/2020\/11\/tonneau-1000px-768x768.jpg 768w, https:\/\/domainegmetz.com\/wp-content\/uploads\/2020\/11\/tonneau-1000px-570x570.jpg 570w, https:\/\/domainegmetz.com\/wp-content\/uploads\/2020\/11\/tonneau-1000px-500x500.jpg 500w, https:\/\/domainegmetz.com\/wp-content\/uploads\/2020\/11\/tonneau-1000px-700x700.jpg 700w, https:\/\/domainegmetz.com\/wp-content\/uploads\/2020\/11\/tonneau-1000px-100x100.jpg 100w\" sizes=\"(max-width: 1000px) 100vw, 1000px\" \/><\/div>\n\t\t<\/div>\n\t<\/div>\n<\/div><\/div><\/div><div class='q_elements_item' data-animation='no' data-item-class='q_elements_holder_custom_212885'><div class='q_elements_item_inner'><div class='q_elements_item_content q_elements_holder_custom_212885' style='padding:0px 0px 0px 25px'>\n\t<div class=\"wpb_text_column wpb_content_element\">\n\t\t<div class=\"wpb_wrapper\">\n\t\t\t<p>This is why we stopped using insecticides\nsince 2002, while for the last 10 years, we\nhave been treating our leaves with products\nused in organic agriculture (copper, sulphur,\noligo-elements, etc.). We currently plough\nevery other row. Debudding is carried out\nin both young and older parcels in order to\nrestrict yields.<br \/>\nOur domaine has been certifi ed HVE level 3\nsince 2017 and Terra Vitis for 8 years. We are\ncurrently in organic conversion.<\/p>\n\n\t\t<\/div> \n\t<\/div> \n\t<div class=\"wpb_text_column wpb_content_element\">\n\t\t<div class=\"wpb_wrapper\">\n\t\t\t<p>In the cellar, 60% of the vats are made of\nwood, some of which are over 100 years\nold. We prefer slow fermentation with native\nyeasts, skin macerations, low-pressure pressing\nand aging on whole lees.<br \/>\nWhether \u2018\u2018fruit wine\u2019\u2019 or \u2018\u2018cellar wine\u2019\u2019, we make\nfine, elegant, sometimes fruity or mineral,\ngourmet Alsace wines.<br \/>\nWinemaker is an artist. A Winemaker makes\nhis wines like a painter mix their own colours. Every decision and every action is decisive\nas once a choice has been made, there\u2019s\noften no turning back. He is also like a musician\nwho composes his own music and their\ntunes are their terroirs, their grapes and the\nclimate.<br \/>\nThe language of the winemaker is a language\nof sharing and passion !<\/p>\n\n\t\t<\/div> \n\t<\/div> <\/div><\/div><\/div><\/div><\/div><\/div><\/div><\/div><\/div><\/div><\/div><\/div>","protected":false},"excerpt":{"rendered":"Notre Histoire Depuis le 19\u00e8me si\u00e8cle, la famille Metz cultive des vignes sur la commune d\u2019Epfig. Cependant, jusqu'aux ann\u00e9es 1920, l\u2019activit\u00e9 principale \u00e9tait port\u00e9 sur l'agriculture. C\u2019est en 1930 que Marcellin Metz s\u2019installe sur la commune voisine d\u2019Itterswiller et \u00e0 partir de 1936, il d\u00e9cide...","protected":false},"author":1,"featured_media":0,"parent":0,"menu_order":0,"comment_status":"closed","ping_status":"closed","template":"full_width.php","meta":[],"_links":{"self":[{"href":"https:\/\/domainegmetz.com\/en\/wp-json\/wp\/v2\/pages\/15935"}],"collection":[{"href":"https:\/\/domainegmetz.com\/en\/wp-json\/wp\/v2\/pages"}],"about":[{"href":"https:\/\/domainegmetz.com\/en\/wp-json\/wp\/v2\/types\/page"}],"author":[{"embeddable":true,"href":"https:\/\/domainegmetz.com\/en\/wp-json\/wp\/v2\/users\/1"}],"replies":[{"embeddable":true,"href":"https:\/\/domainegmetz.com\/en\/wp-json\/wp\/v2\/comments?post=15935"}],"version-history":[{"count":5,"href":"https:\/\/domainegmetz.com\/en\/wp-json\/wp\/v2\/pages\/15935\/revisions"}],"predecessor-version":[{"id":16862,"href":"https:\/\/domainegmetz.com\/en\/wp-json\/wp\/v2\/pages\/15935\/revisions\/16862"}],"wp:attachment":[{"href":"https:\/\/domainegmetz.com\/en\/wp-json\/wp\/v2\/media?parent=15935"}],"curies":[{"name":"wp","href":"https:\/\/api.w.org\/{rel}","templated":true}]}}