{"id":17757,"date":"2025-10-24T11:52:14","date_gmt":"2025-10-24T09:52:14","guid":{"rendered":"https:\/\/domainegmetz.com\/?page_id=17757"},"modified":"2025-11-12T14:56:31","modified_gmt":"2025-11-12T13:56:31","slug":"nos-vins-4","status":"publish","type":"page","link":"https:\/\/domainegmetz.com\/en\/nos-vins-4\/","title":{"rendered":"Nos Vins-4"},"content":{"rendered":"<div      class=\"vc_row wpb_row section vc_row-fluid\" style=' text-align:left;'><div class=\"full_section_inner clearfix\"><div class=\"wpb_column vc_column_container vc_col-sm-12\"><div class=\"vc_column-inner\"><div class=\"wpb_wrapper\">\n\t<div class=\"wpb_raw_code wpb_content_element wpb_raw_html\" >\n\t\t<div class=\"wpb_wrapper\">\n\t\t\t<div class=\"custom-product-loop-centered woocommerce\"><ul class=\"products columns-5\">\n\t<li class=\"product type-product post-16453 status-publish first instock product_cat-vin product_cat-vins-de-fruits product_tag-rouge product_tag-vieilles-vignes has-post-thumbnail shipping-taxable purchasable product-type-simple\">\n\t\t\n    <div class=\"top-product-section\">\n\n        <a itemprop=\"url\" href=\"https:\/\/domainegmetz.com\/en\/product\/pinot-noir-2023\/\" class=\"product-category\">\n            <span class=\"image-wrapper\">\n                        <\/span>\n        <\/a>\n\n\t\t<span class=\"add-to-cart-button-outer\"><span class=\"add-to-cart-button-inner\"><a href=\"?add-to-cart=16453\" data-quantity=\"1\" class=\"button product_type_simple add_to_cart_button ajax_add_to_cart qbutton add-to-cart-button\" data-product_id=\"16453\" data-product_sku=\"\" aria-label=\"Ajouter \u201cPinot Noir 2024\u201d \u00e0 votre panier\" rel=\"nofollow\" data-no-translation=\"\" data-trp-gettext=\"\" data-no-translation-aria-label=\"\">Add to cart<\/a><\/span><\/span>\n    <\/div>\n        <a itemprop=\"url\" href=\"https:\/\/domainegmetz.com\/en\/product\/pinot-noir-2023\/\" class=\"product-category product-info\">\n        <h6 itemprop=\"name\">Pinot Noir 2024<\/h6>\n\n        \n        \n\t<span class=\"price\"><span class=\"woocommerce-Price-amount amount\"><bdi>15,00<span class=\"woocommerce-Price-currencySymbol\">&euro;<\/span><\/bdi><\/span><\/span>\n    <\/a>\n\n    <span class=\"add-to-cart-button-outer\"><span class=\"add-to-cart-button-inner\"><a href=\"?add-to-cart=16453\" data-quantity=\"1\" class=\"button product_type_simple add_to_cart_button ajax_add_to_cart qbutton add-to-cart-button\" data-product_id=\"16453\" data-product_sku=\"\" aria-label=\"Ajouter \u201cPinot Noir 2024\u201d \u00e0 votre panier\" rel=\"nofollow\" data-no-translation=\"\" data-trp-gettext=\"\" data-no-translation-aria-label=\"\">Add to cart<\/a><\/span><\/span>\n<\/li>\n\t<li class=\"product type-product post-16452 status-publish instock product_cat-vin product_cat-vins-de-fruits product_tag-blanc product_tag-fruite product_tag-sec product_tag-vieilles-vignes has-post-thumbnail shipping-taxable purchasable product-type-simple\">\n\t\t\n    <div class=\"top-product-section\">\n\n        <a itemprop=\"url\" href=\"https:\/\/domainegmetz.com\/en\/product\/gewurztraminer-2023\/\" class=\"product-category\">\n            <span class=\"image-wrapper\">\n                        <\/span>\n        <\/a>\n\n\t\t<span class=\"add-to-cart-button-outer\"><span class=\"add-to-cart-button-inner\"><a href=\"?add-to-cart=16452\" data-quantity=\"1\" class=\"button product_type_simple add_to_cart_button ajax_add_to_cart qbutton add-to-cart-button\" data-product_id=\"16452\" data-product_sku=\"\" aria-label=\"Ajouter \u201cGewurztraminer 2023\u201d \u00e0 votre panier\" rel=\"nofollow\" data-no-translation=\"\" data-trp-gettext=\"\" data-no-translation-aria-label=\"\">Add to cart<\/a><\/span><\/span>\n    <\/div>\n        <a itemprop=\"url\" href=\"https:\/\/domainegmetz.com\/en\/product\/gewurztraminer-2023\/\" class=\"product-category product-info\">\n        <h6 itemprop=\"name\">Gewurztraminer 2023<\/h6>\n\n        \n        \n\t<span class=\"price\"><span class=\"woocommerce-Price-amount amount\"><bdi>15,00<span class=\"woocommerce-Price-currencySymbol\">&euro;<\/span><\/bdi><\/span><\/span>\n    <\/a>\n\n    <span class=\"add-to-cart-button-outer\"><span class=\"add-to-cart-button-inner\"><a href=\"?add-to-cart=16452\" data-quantity=\"1\" class=\"button product_type_simple add_to_cart_button ajax_add_to_cart qbutton add-to-cart-button\" data-product_id=\"16452\" data-product_sku=\"\" aria-label=\"Ajouter \u201cGewurztraminer 2023\u201d \u00e0 votre panier\" rel=\"nofollow\" data-no-translation=\"\" data-trp-gettext=\"\" data-no-translation-aria-label=\"\">Add to cart<\/a><\/span><\/span>\n<\/li>\n\t<li class=\"product type-product post-16451 status-publish last instock product_cat-vin product_cat-vins-de-fruits product_tag-blanc product_tag-fruite product_tag-sec product_tag-vieilles-vignes has-post-thumbnail shipping-taxable purchasable product-type-simple\">\n\t\t\n    <div class=\"top-product-section\">\n\n        <a itemprop=\"url\" href=\"https:\/\/domainegmetz.com\/en\/product\/pinot-gris-2023\/\" class=\"product-category\">\n            <span class=\"image-wrapper\">\n                        <\/span>\n        <\/a>\n\n\t\t<span class=\"add-to-cart-button-outer\"><span class=\"add-to-cart-button-inner\"><a href=\"?add-to-cart=16451\" data-quantity=\"1\" class=\"button product_type_simple add_to_cart_button ajax_add_to_cart qbutton add-to-cart-button\" data-product_id=\"16451\" data-product_sku=\"\" aria-label=\"Ajouter \u201cPinot Gris 2024\u201d \u00e0 votre panier\" rel=\"nofollow\" data-no-translation=\"\" data-trp-gettext=\"\" data-no-translation-aria-label=\"\">Add to cart<\/a><\/span><\/span>\n    <\/div>\n        <a itemprop=\"url\" href=\"https:\/\/domainegmetz.com\/en\/product\/pinot-gris-2023\/\" class=\"product-category product-info\">\n        <h6 itemprop=\"name\">Pinot Gris 2024<\/h6>\n\n        \n        \n\t<span class=\"price\"><span class=\"woocommerce-Price-amount amount\"><bdi>15,00<span class=\"woocommerce-Price-currencySymbol\">&euro;<\/span><\/bdi><\/span><\/span>\n    <\/a>\n\n    <span class=\"add-to-cart-button-outer\"><span class=\"add-to-cart-button-inner\"><a href=\"?add-to-cart=16451\" data-quantity=\"1\" class=\"button product_type_simple add_to_cart_button ajax_add_to_cart qbutton add-to-cart-button\" data-product_id=\"16451\" data-product_sku=\"\" aria-label=\"Ajouter \u201cPinot Gris 2024\u201d \u00e0 votre panier\" rel=\"nofollow\" data-no-translation=\"\" data-trp-gettext=\"\" data-no-translation-aria-label=\"\">Add to cart<\/a><\/span><\/span>\n<\/li>\n\t<li class=\"product type-product post-16449 status-publish first instock product_cat-vin product_cat-vins-de-fruits product_tag-blanc product_tag-fruite product_tag-sec has-post-thumbnail shipping-taxable purchasable product-type-simple\">\n\t\t\n    <div class=\"top-product-section\">\n\n        <a itemprop=\"url\" href=\"https:\/\/domainegmetz.com\/en\/product\/muscat-2023\/\" class=\"product-category\">\n            <span class=\"image-wrapper\">\n                        <\/span>\n        <\/a>\n\n\t\t<span class=\"add-to-cart-button-outer\"><span class=\"add-to-cart-button-inner\"><a href=\"?add-to-cart=16449\" data-quantity=\"1\" class=\"button product_type_simple add_to_cart_button ajax_add_to_cart qbutton add-to-cart-button\" data-product_id=\"16449\" data-product_sku=\"\" aria-label=\"Ajouter \u201cMuscat d&#039;Alsace 2023\u201d \u00e0 votre panier\" rel=\"nofollow\" data-no-translation=\"\" data-trp-gettext=\"\" data-no-translation-aria-label=\"\">Add to cart<\/a><\/span><\/span>\n    <\/div>\n        <a itemprop=\"url\" href=\"https:\/\/domainegmetz.com\/en\/product\/muscat-2023\/\" class=\"product-category product-info\">\n        <h6 itemprop=\"name\">Muscat d&#8217;Alsace 2023<\/h6>\n\n        \n        \n\t<span class=\"price\"><span class=\"woocommerce-Price-amount amount\"><bdi>15,00<span class=\"woocommerce-Price-currencySymbol\">&euro;<\/span><\/bdi><\/span><\/span>\n    <\/a>\n\n    <span class=\"add-to-cart-button-outer\"><span class=\"add-to-cart-button-inner\"><a href=\"?add-to-cart=16449\" data-quantity=\"1\" class=\"button product_type_simple add_to_cart_button ajax_add_to_cart qbutton add-to-cart-button\" data-product_id=\"16449\" data-product_sku=\"\" aria-label=\"Ajouter \u201cMuscat d&#039;Alsace 2023\u201d \u00e0 votre panier\" rel=\"nofollow\" data-no-translation=\"\" data-trp-gettext=\"\" data-no-translation-aria-label=\"\">Add to cart<\/a><\/span><\/span>\n<\/li>\n\t<li class=\"product type-product post-16450 status-publish instock product_cat-vin product_cat-vins-de-fruits product_tag-blanc product_tag-fruite product_tag-sec product_tag-vieilles-vignes has-post-thumbnail shipping-taxable purchasable product-type-simple\">\n\t\t\n    <div class=\"top-product-section\">\n\n        <a itemprop=\"url\" href=\"https:\/\/domainegmetz.com\/en\/product\/riesling-2023\/\" class=\"product-category\">\n            <span class=\"image-wrapper\">\n                        <\/span>\n        <\/a>\n\n\t\t<span class=\"add-to-cart-button-outer\"><span class=\"add-to-cart-button-inner\"><a href=\"?add-to-cart=16450\" data-quantity=\"1\" class=\"button product_type_simple add_to_cart_button ajax_add_to_cart qbutton add-to-cart-button\" data-product_id=\"16450\" data-product_sku=\"\" aria-label=\"Ajouter \u201cRiesling 2024\u201d \u00e0 votre panier\" rel=\"nofollow\" data-no-translation=\"\" data-trp-gettext=\"\" data-no-translation-aria-label=\"\">Add to cart<\/a><\/span><\/span>\n    <\/div>\n        <a itemprop=\"url\" href=\"https:\/\/domainegmetz.com\/en\/product\/riesling-2023\/\" class=\"product-category product-info\">\n        <h6 itemprop=\"name\">Riesling 2024<\/h6>\n\n        \n        \n\t<span class=\"price\"><span class=\"woocommerce-Price-amount amount\"><bdi>15,00<span class=\"woocommerce-Price-currencySymbol\">&euro;<\/span><\/bdi><\/span><\/span>\n    <\/a>\n\n    <span class=\"add-to-cart-button-outer\"><span class=\"add-to-cart-button-inner\"><a href=\"?add-to-cart=16450\" data-quantity=\"1\" class=\"button product_type_simple add_to_cart_button ajax_add_to_cart qbutton add-to-cart-button\" data-product_id=\"16450\" data-product_sku=\"\" aria-label=\"Ajouter \u201cRiesling 2024\u201d \u00e0 votre panier\" rel=\"nofollow\" data-no-translation=\"\" data-trp-gettext=\"\" data-no-translation-aria-label=\"\">Add to cart<\/a><\/span><\/span>\n<\/li>\n\t<li class=\"product type-product post-16447 status-publish last instock product_cat-vin product_cat-vins-de-fruits product_tag-blanc product_tag-mineral product_tag-sec has-post-thumbnail shipping-taxable purchasable product-type-simple\">\n\t\t\n    <div class=\"top-product-section\">\n\n        <a itemprop=\"url\" href=\"https:\/\/domainegmetz.com\/en\/product\/sylvaner-2023\/\" class=\"product-category\">\n            <span class=\"image-wrapper\">\n                        <\/span>\n        <\/a>\n\n\t\t<span class=\"add-to-cart-button-outer\"><span class=\"add-to-cart-button-inner\"><a href=\"?add-to-cart=16447\" data-quantity=\"1\" class=\"button product_type_simple add_to_cart_button ajax_add_to_cart qbutton add-to-cart-button\" data-product_id=\"16447\" data-product_sku=\"\" aria-label=\"Ajouter \u201cSylvaner 2023\u201d \u00e0 votre panier\" rel=\"nofollow\" data-no-translation=\"\" data-trp-gettext=\"\" data-no-translation-aria-label=\"\">Add to cart<\/a><\/span><\/span>\n    <\/div>\n        <a itemprop=\"url\" href=\"https:\/\/domainegmetz.com\/en\/product\/sylvaner-2023\/\" class=\"product-category product-info\">\n        <h6 itemprop=\"name\">Sylvaner 2023<\/h6>\n\n        \n        \n\t<span class=\"price\"><span class=\"woocommerce-Price-amount amount\"><bdi>15,00<span class=\"woocommerce-Price-currencySymbol\">&euro;<\/span><\/bdi><\/span><\/span>\n    <\/a>\n\n    <span class=\"add-to-cart-button-outer\"><span class=\"add-to-cart-button-inner\"><a href=\"?add-to-cart=16447\" data-quantity=\"1\" class=\"button product_type_simple add_to_cart_button ajax_add_to_cart qbutton add-to-cart-button\" data-product_id=\"16447\" data-product_sku=\"\" aria-label=\"Ajouter \u201cSylvaner 2023\u201d \u00e0 votre panier\" rel=\"nofollow\" data-no-translation=\"\" data-trp-gettext=\"\" data-no-translation-aria-label=\"\">Add to cart<\/a><\/span><\/span>\n<\/li>\n\t<li class=\"product type-product post-16238 status-publish first instock product_cat-vin product_cat-vins-de-fruits product_tag-blanc product_tag-mineral product_tag-sec has-post-thumbnail shipping-taxable purchasable product-type-simple\">\n\t\t\n    <div class=\"top-product-section\">\n\n        <a itemprop=\"url\" href=\"https:\/\/domainegmetz.com\/en\/product\/harmony-blanc-2023\/\" class=\"product-category\">\n            <span class=\"image-wrapper\">\n                        <\/span>\n        <\/a>\n\n\t\t<span class=\"add-to-cart-button-outer\"><span class=\"add-to-cart-button-inner\"><a href=\"?add-to-cart=16238\" data-quantity=\"1\" class=\"button product_type_simple add_to_cart_button ajax_add_to_cart qbutton add-to-cart-button\" data-product_id=\"16238\" data-product_sku=\"\" aria-label=\"Ajouter \u201cHarmony Blanc 2023\u201d \u00e0 votre panier\" rel=\"nofollow\" data-no-translation=\"\" data-trp-gettext=\"\" data-no-translation-aria-label=\"\">Add to cart<\/a><\/span><\/span>\n    <\/div>\n        <a itemprop=\"url\" href=\"https:\/\/domainegmetz.com\/en\/product\/harmony-blanc-2023\/\" class=\"product-category product-info\">\n        <h6 itemprop=\"name\">Harmony Blanc 2023<\/h6>\n\n        \n        \n\t<span class=\"price\"><span class=\"woocommerce-Price-amount amount\"><bdi>14,00<span class=\"woocommerce-Price-currencySymbol\">&euro;<\/span><\/bdi><\/span><\/span>\n    <\/a>\n\n    <span class=\"add-to-cart-button-outer\"><span class=\"add-to-cart-button-inner\"><a href=\"?add-to-cart=16238\" data-quantity=\"1\" class=\"button product_type_simple add_to_cart_button ajax_add_to_cart qbutton add-to-cart-button\" data-product_id=\"16238\" data-product_sku=\"\" aria-label=\"Ajouter \u201cHarmony Blanc 2023\u201d \u00e0 votre panier\" rel=\"nofollow\" data-no-translation=\"\" data-trp-gettext=\"\" data-no-translation-aria-label=\"\">Add to cart<\/a><\/span><\/span>\n<\/li><\/ul><\/div>\n\t\t<\/div>\n\t<\/div>\n<\/div><\/div><\/div><\/div><\/div>","protected":false},"excerpt":{"rendered":"Avec ce vin, on ose un assemblage tri-c\u00e9page alsacien de Pinot aussi inattendu que r\u00e9jouissant. Frais et croquant, ce vin offre une belle palette aromatique de fruits frais, de fleurs blanches avec une touche l\u00e9g\u00e8rement \u00e9pic\u00e9s. Ce bel \u00e9quilibre rac\u00e9 se prolonge avec une bonne...","protected":false},"author":1,"featured_media":0,"parent":0,"menu_order":0,"comment_status":"closed","ping_status":"closed","template":"","meta":[],"_links":{"self":[{"href":"https:\/\/domainegmetz.com\/en\/wp-json\/wp\/v2\/pages\/17757"}],"collection":[{"href":"https:\/\/domainegmetz.com\/en\/wp-json\/wp\/v2\/pages"}],"about":[{"href":"https:\/\/domainegmetz.com\/en\/wp-json\/wp\/v2\/types\/page"}],"author":[{"embeddable":true,"href":"https:\/\/domainegmetz.com\/en\/wp-json\/wp\/v2\/users\/1"}],"replies":[{"embeddable":true,"href":"https:\/\/domainegmetz.com\/en\/wp-json\/wp\/v2\/comments?post=17757"}],"version-history":[{"count":10,"href":"https:\/\/domainegmetz.com\/en\/wp-json\/wp\/v2\/pages\/17757\/revisions"}],"predecessor-version":[{"id":17909,"href":"https:\/\/domainegmetz.com\/en\/wp-json\/wp\/v2\/pages\/17757\/revisions\/17909"}],"wp:attachment":[{"href":"https:\/\/domainegmetz.com\/en\/wp-json\/wp\/v2\/media?parent=17757"}],"curies":[{"name":"wp","href":"https:\/\/api.w.org\/{rel}","templated":true}]}}