{"id":17870,"date":"2025-10-31T17:59:49","date_gmt":"2025-10-31T16:59:49","guid":{"rendered":"https:\/\/domainegmetz.com\/?page_id=17870"},"modified":"2025-10-31T17:59:49","modified_gmt":"2025-10-31T16:59:49","slug":"mentions-legales","status":"publish","type":"page","link":"https:\/\/domainegmetz.com\/en\/mentions-legales\/","title":{"rendered":"Mentions l\u00e9gales"},"content":{"rendered":"<div      class=\"vc_row wpb_row section vc_row-fluid  grid_section\" style=' text-align:left;'><div class=\"section_inner clearfix\"><div class='section_inner_margin clearfix'><div class=\"wpb_column vc_column_container vc_col-sm-12\"><div class=\"vc_column-inner\"><div class=\"wpb_wrapper\">\t<div class=\"vc_empty_space\"  style=\"height: 32px\" ><span\n\t\t\tclass=\"vc_empty_space_inner\">\n\t\t\t<span class=\"empty_space_image\"  ><\/span>\n\t\t<\/span><\/div>\n\n\n\t<div class=\"wpb_text_column wpb_content_element\">\n\t\t<div class=\"wpb_wrapper\">\n\t\t\t<h3><strong>MENTIONS LEGALES<\/strong><\/h3>\n\n\t\t<\/div> \n\t<\/div> \t<div class=\"vc_empty_space\"  style=\"height: 32px\" ><span\n\t\t\tclass=\"vc_empty_space_inner\">\n\t\t\t<span class=\"empty_space_image\"  ><\/span>\n\t\t<\/span><\/div>\n\n\n\t<div class=\"wpb_text_column wpb_content_element\">\n\t\t<div class=\"wpb_wrapper\">\n\t\t\t<h4><b><span style=\"text-decoration: underline;\">Editeur du Site\u202f:<\/span> <\/b><\/h4>\n<p><b>DOMAINE GERARD METZ<\/b>, EARL bas\u00e9e \u00e0 ITTERSWILLER (67140), 40 Route des Vins.<\/p>\n<p>N\u00b0 SIRET :\u00a039316054400010<br \/>\nTVA intracommunautaire : FR56393160544<\/p>\n<p>Adresse de courrier \u00e9lectronique : info@domainegmetz.com<\/p>\n<p>Num\u00e9ro de t\u00e9l\u00e9phone\u202f: +33.607543374<\/p>\n<p>&nbsp;<\/p>\n<h4><span style=\"text-decoration: underline;\"><b>H\u00e9bergeur du Site\u202f:\u00a0<\/b><\/span><\/h4>\n<p>Le site est h\u00e9berg\u00e9 par <b>OVH<\/b>,<\/p>\n<ul>\n<li><b>OVH<\/b> RCS Roubaix \u2013 Tourcoing 424 761 419 00045 Code APE 6202A<\/li>\n<li>N\u00b0 TVA : FR 22 424 761 419<\/li>\n<li>Si\u00e8ge social : 2 rue Kellermann &#8211; 59100 Roubaix &#8211; France<\/li>\n<li><span class=\"ng-scope\">Num\u00e9ro de t\u00e9l\u00e9phone\u202f: +33.972101007<\/span><\/li>\n<\/ul>\n<p>&nbsp;<\/p>\n<h4><span style=\"text-decoration: underline;\"><b>Cr\u00e9ation et conception du Site<\/b><b>\u202f:<\/b><\/span><\/h4>\n<ul>\n<li>Virgil Casimir<\/li>\n<li>virgil.casimir.pro@gmail.com<\/li>\n<\/ul>\n<p>&nbsp;<\/p>\n<p>Pour plus d\u2019informations concernant la navigation sur le site, veuillez-vous r\u00e9f\u00e9rer aux Conditions G\u00e9n\u00e9rales de Ventes, aux Conditions G\u00e9n\u00e9rales d\u2019Utilisation, ainsi qu\u2019\u00e0 notre Politique de Confidentialit\u00e9.<\/p>\n<div>\n<p>&nbsp;<\/p>\n<p>&nbsp;<\/p>\n<\/div>\n\n\t\t<\/div> \n\t<\/div> <\/div><\/div><\/div><\/div><\/div><\/div>","protected":false},"excerpt":{"rendered":"MENTIONS LEGALES Editeur du Site\u202f: DOMAINE GERARD METZ, EARL bas\u00e9e \u00e0 ITTERSWILLER (67140), 40 Route des Vins. N\u00b0 SIRET :\u00a039316054400010 TVA intracommunautaire : FR56393160544 Adresse de courrier \u00e9lectronique : info@domainegmetz.com Num\u00e9ro de t\u00e9l\u00e9phone\u202f: +33.607543374 &nbsp; H\u00e9bergeur du Site\u202f:\u00a0 Le site est h\u00e9berg\u00e9 par OVH, OVH...","protected":false},"author":1,"featured_media":0,"parent":0,"menu_order":0,"comment_status":"closed","ping_status":"open","template":"full_width.php","meta":[],"_links":{"self":[{"href":"https:\/\/domainegmetz.com\/en\/wp-json\/wp\/v2\/pages\/17870"}],"collection":[{"href":"https:\/\/domainegmetz.com\/en\/wp-json\/wp\/v2\/pages"}],"about":[{"href":"https:\/\/domainegmetz.com\/en\/wp-json\/wp\/v2\/types\/page"}],"author":[{"embeddable":true,"href":"https:\/\/domainegmetz.com\/en\/wp-json\/wp\/v2\/users\/1"}],"replies":[{"embeddable":true,"href":"https:\/\/domainegmetz.com\/en\/wp-json\/wp\/v2\/comments?post=17870"}],"version-history":[{"count":1,"href":"https:\/\/domainegmetz.com\/en\/wp-json\/wp\/v2\/pages\/17870\/revisions"}],"predecessor-version":[{"id":17871,"href":"https:\/\/domainegmetz.com\/en\/wp-json\/wp\/v2\/pages\/17870\/revisions\/17871"}],"wp:attachment":[{"href":"https:\/\/domainegmetz.com\/en\/wp-json\/wp\/v2\/media?parent=17870"}],"curies":[{"name":"wp","href":"https:\/\/api.w.org\/{rel}","templated":true}]}}