{"id":17872,"date":"2025-10-31T18:12:16","date_gmt":"2025-10-31T17:12:16","guid":{"rendered":"https:\/\/domainegmetz.com\/?page_id=17872"},"modified":"2025-10-31T18:30:28","modified_gmt":"2025-10-31T17:30:28","slug":"conditions-utilisation","status":"publish","type":"page","link":"https:\/\/domainegmetz.com\/en\/conditions-utilisation\/","title":{"rendered":"Conditions g\u00e9n\u00e9rales d&#8217;utilisation"},"content":{"rendered":"<div      class=\"vc_row wpb_row section vc_row-fluid  grid_section\" style=' text-align:left;'><div class=\"section_inner clearfix\"><div class='section_inner_margin clearfix'><div class=\"wpb_column vc_column_container vc_col-sm-12\"><div class=\"vc_column-inner\"><div class=\"wpb_wrapper\">\t<div class=\"vc_empty_space\"  style=\"height: 32px\" ><span\n\t\t\tclass=\"vc_empty_space_inner\">\n\t\t\t<span class=\"empty_space_image\"  ><\/span>\n\t\t<\/span><\/div>\n\n\n\t<div class=\"wpb_text_column wpb_content_element\">\n\t\t<div class=\"wpb_wrapper\">\n\t\t\t<h3>CONDITIONS GENERALES D&#8217;UTILISATION<\/h3>\n\n\t\t<\/div> \n\t<\/div> \t<div class=\"vc_empty_space\"  style=\"height: 32px\" ><span\n\t\t\tclass=\"vc_empty_space_inner\">\n\t\t\t<span class=\"empty_space_image\"  ><\/span>\n\t\t<\/span><\/div>\n\n\n\t<div class=\"wpb_text_column wpb_content_element\">\n\t\t<div class=\"wpb_wrapper\">\n\t\t\t<p>Les pr\u00e9sentes conditions g\u00e9n\u00e9rales r\u00e9gissent l\u2019utilisation de ce site <em>&#8220;domainegmetz.com&#8221;<\/em>.<\/p>\n<p>Ce site appartient et est g\u00e9r\u00e9 par EARL Domaine Gerard Metz.<\/p>\n<p>En utilisant ce site, vous indiquez que vous avez lu et compris les conditions d\u2019utilisation et que vous acceptez de les respecter en tout temps.<\/p>\n<p>&nbsp;<\/p>\n<p><strong><u>Propri\u00e9t\u00e9 intellectuelle<\/u><\/strong><\/p>\n<p>Tout contenu publi\u00e9 et mis \u00e0 disposition sur ce site est la propri\u00e9t\u00e9 de EARL Domaine et de ses cr\u00e9ateurs. Cela comprend, mais n\u2019est pas limit\u00e9 aux images, textes, logos, documents, fichiers t\u00e9l\u00e9chargeables et tout ce qui contribue \u00e0 la composition de ce site.<\/p>\n<p>&nbsp;<\/p>\n<div>\n<h4><strong><u>Restrictions d&#8217;\u00e2ge<\/u><\/strong><\/h4>\n<p>Interdiction de vente de boissons alcooliques aux mineurs de moins de 18ans.<br \/>\nLa preuve de majorit\u00e9 de l\u2019acheteur est exig\u00e9e au moment de la vente en ligne.<\/p>\n<p>&nbsp;<\/p>\n<\/div>\n<div>\n<h4><strong><u>Ventes des biens et services<\/u><\/strong><\/h4>\n<p>Ce document r\u00e9git la vente des biens mis \u00e0 disposition sur notre site.<\/p>\n<p>Les biens que nous offrons comprennent :<\/p>\n<ul>\n<li value=\"1\">Vin en bouteille<\/li>\n<\/ul>\n<p>Les biens li\u00e9s \u00e0 ce document sont les biens qui sont affich\u00e9s sur notre site au moment o\u00f9 vous y acc\u00e9dez. Cela comprend tous les produits \u00e9num\u00e9r\u00e9s comme \u00e9tant en rupture de stock. Toutes les informations, descriptions ou images que nous fournissons sur nos biens sont d\u00e9crites et pr\u00e9sent\u00e9es avec la plus grande pr\u00e9cision possible. Cependant, nous ne sommes pas l\u00e9galement \u00a0tenus par ces informations, descriptions ou images car nous ne pouvons pas garantir l\u2019exactitude de chaque produit ou service que nous fournissons.<\/p>\n<p>&nbsp;<\/p>\n<\/div>\n<div><\/div>\n<div>\n<h4><span style=\"text-decoration: underline;\"><strong>Disponibilit\u00e9 du site<\/strong><\/span><\/h4>\n<p>La Soci\u00e9t\u00e9 proc\u00e8de \u00e0 ses meilleurs efforts pour maintenir des bonnes conditions de navigation sur le Site, et \u00e9viter les pannes, bugs, virus ou tous autres incidents techniques et pratiques ill\u00e9gales (ci-apr\u00e8s collectivement d\u00e9nomm\u00e9s les \u00ab\u202fIncidents\u202f\u00bb).<\/p>\n<p>Toutefois, le risque d\u2019Incidents ne peut malheureusement \u00eatre exclu. L\u2019utilisateur en est inform\u00e9 et l\u2019accepte.<\/p>\n<p>&nbsp;<\/p>\n<\/div>\n<div>\n<h4><strong><u>Lois applicables<\/u><\/strong><\/h4>\n<p>Ce document est soumis aux lois applicables en France et vise \u00e0 se conformer \u00e0 ses r\u00e8gles et r\u00e8glements n\u00e9cessaires. Cela inclut la r\u00e9glementation \u00e0 l\u2019\u00e9chelle de l\u2019UE \u00e9nonc\u00e9e dans le RGPD.<\/p>\n<p>&nbsp;<\/p>\n<\/div>\n<div>\n<h4><strong><u>Modifications<\/u><\/strong><\/h4>\n<p>La Soci\u00e9t\u00e9 se r\u00e9serve le droit de modifier les pr\u00e9sentes conditions g\u00e9n\u00e9rales d\u2019utilisation \u00e0 tout moment et sans pr\u00e9avis.<\/p>\n<p>&nbsp;<\/p>\n<\/div>\n<div>\n<h4><strong><u>Contact Us<\/u><\/strong><\/h4>\n<p>Pour toute informations compl\u00e9mentaires, merci de nous contacter via le formulaire de contact sur ce site ou de nous faire parvenir un mail \u00e0 l&#8217;adresse suivante :<\/p>\n<p>info@domainegmetz.com<\/p>\n<p>&nbsp;<\/p>\n<\/div>\n\n\t\t<\/div> \n\t<\/div> <\/div><\/div><\/div><\/div><\/div><\/div>","protected":false},"excerpt":{"rendered":"CONDITIONS GENERALES D'UTILISATION Les pr\u00e9sentes conditions g\u00e9n\u00e9rales r\u00e9gissent l\u2019utilisation de ce site \"domainegmetz.com\". Ce site appartient et est g\u00e9r\u00e9 par EARL Domaine Gerard Metz. En utilisant ce site, vous indiquez que vous avez lu et compris les conditions d\u2019utilisation et que vous acceptez de les...","protected":false},"author":1,"featured_media":0,"parent":0,"menu_order":0,"comment_status":"closed","ping_status":"open","template":"full_width.php","meta":[],"_links":{"self":[{"href":"https:\/\/domainegmetz.com\/en\/wp-json\/wp\/v2\/pages\/17872"}],"collection":[{"href":"https:\/\/domainegmetz.com\/en\/wp-json\/wp\/v2\/pages"}],"about":[{"href":"https:\/\/domainegmetz.com\/en\/wp-json\/wp\/v2\/types\/page"}],"author":[{"embeddable":true,"href":"https:\/\/domainegmetz.com\/en\/wp-json\/wp\/v2\/users\/1"}],"replies":[{"embeddable":true,"href":"https:\/\/domainegmetz.com\/en\/wp-json\/wp\/v2\/comments?post=17872"}],"version-history":[{"count":8,"href":"https:\/\/domainegmetz.com\/en\/wp-json\/wp\/v2\/pages\/17872\/revisions"}],"predecessor-version":[{"id":17883,"href":"https:\/\/domainegmetz.com\/en\/wp-json\/wp\/v2\/pages\/17872\/revisions\/17883"}],"wp:attachment":[{"href":"https:\/\/domainegmetz.com\/en\/wp-json\/wp\/v2\/media?parent=17872"}],"curies":[{"name":"wp","href":"https:\/\/api.w.org\/{rel}","templated":true}]}}