{"id":21,"date":"2019-12-17T16:18:01","date_gmt":"2019-12-17T15:18:01","guid":{"rendered":"http:\/\/virgilcasimir.com\/projetswp\/gmetz\/?page_id=21"},"modified":"2025-11-12T13:54:46","modified_gmt":"2025-11-12T12:54:46","slug":"accueil","status":"publish","type":"page","link":"https:\/\/domainegmetz.com\/en\/","title":{"rendered":"Home"},"content":{"rendered":"<div id=\"domaine\"     class=\"vc_row wpb_row section vc_row-fluid  sectionhome\" style=' text-align:left;'><div class=\"full_section_inner clearfix\"><div class=\"wpb_column vc_column_container vc_col-sm-12\"><div class=\"vc_column-inner\"><div class=\"wpb_wrapper\"><div class='q_elements_holder two_columns responsive_mode_from_768 alignment_one_column_center' ><div class='q_elements_item vcqodeitemholder' data-1280-1440='0px 100px 0px 100px' data-1024-1280='0px 50px 0px 50px' data-768-1024='20px 20px 20px 20px' data-600-768='0px 20px 0px 20px' data-480-600='0px 20px 0px 20px' data-480='0px 20px 0px 20px' data-animation='no' data-item-class='q_elements_holder_custom_216408'><div class='q_elements_item_inner'><div class='q_elements_item_content q_elements_holder_custom_216408' style='padding:0px 200px 0px 200px'>\n\t<div class=\"wpb_raw_code wpb_content_element wpb_raw_html\" >\n\t\t<div class=\"wpb_wrapper\">\n\t\t\t<div class=\"vcporteetitre\">\n<h2>The Estate<\/h2>\n<?xml version=\"1.0\" encoding=\"utf-8\"?>\n<svg style=\"position: absolute\" version=\"1.1\" class=\"porteh2\" xmlns=\"http:\/\/www.w3.org\/2000\/svg\" xmlns:xlink=\"http:\/\/www.w3.org\/1999\/xlink\" x=\"0px\" y=\"0px\" viewbox=\"0 0 41.8\"\n\t xml:space=\"preserve\">\n<style type=\"text\/css\">\n\t.st0{fill:none;stroke:#707070;stroke-miterlimit:10;}\n<\/style>\n<line class=\"st0\" x1=\"0\" y1=\"0.5\" x2=\"100%\" y2=\"0.5\"\/>\n<line class=\"st0\" x1=\"0\" y1=\"10.7\" x2=\"100%\" y2=\"10.7\"\/>\n<line class=\"st0\" x1=\"0\" y1=\"20.9\" x2=\"100%\" y2=\"20.9\"\/>\n<line class=\"st0\" x1=\"0\" y1=\"31.1\" x2=\"100%\" y2=\"31.1\"\/>\n<line class=\"st0\" x1=\"0\" y1=\"41.3\" x2=\"100%\" y2=\"41.3\"\/>\n<\/svg>\n<\/div>\n\t\t<\/div>\n\t<\/div>\n\t<div class=\"vc_empty_space\"  style=\"height: 20px\" ><span\n\t\t\tclass=\"vc_empty_space_inner\">\n\t\t\t<span class=\"empty_space_image\"  ><\/span>\n\t\t<\/span><\/div>\n\n\n\t<div class=\"wpb_text_column wpb_content_element  vc_custom_1602073495111\">\n\t\t<div class=\"wpb_wrapper\">\n\t\t\t<p>The Metz family has been growing vines\naround the village of Epfig, but the family\u2019s\nmain focus until 1920\/25 was agriculture.<\/p>\n<p>Marcellin Metz began growing vines on land\nof the neighbouring village of Itterswiller in\n1930, and in 1936 he decided to concentrate\non producing grapes for wine.<\/p>\n<p>Marcellin passed on his knowledge to his 2\nsons and in 1966 G\u00e9rard and Ren\u00e9 decided to\nstart bottling and marketing their own wines.<\/p>\n\n\t\t<\/div> \n\t<\/div> \t<div class=\"vc_empty_space\"  style=\"height: 20px\" ><span\n\t\t\tclass=\"vc_empty_space_inner\">\n\t\t\t<span class=\"empty_space_image\"  ><\/span>\n\t\t<\/span><\/div>\n\n<a  itemprop=\"url\" href=\"https:\/\/domainegmetz.com\/en\/le-domaine\/\" target=\"_self\"  class=\"qbutton  default buttonsectionhome\" style=\"\">Discover the estate<\/a><\/div><\/div><\/div><div class='q_elements_item' data-animation='no' data-item-class='q_elements_holder_custom_889351'><div class='q_elements_item_inner'><div class='q_elements_item_content q_elements_holder_custom_889351'>\n\t<div class=\"wpb_single_image wpb_content_element vc_align_left\">\n\t\t<div class=\"wpb_wrapper\">\n\t\t\t\n\t\t\t<div class=\"vc_single_image-wrapper   vc_box_border_grey\"><img width=\"1000\" height=\"667\" src=\"https:\/\/domainegmetz.com\/wp-content\/uploads\/2020\/11\/cave1-1000p.jpg\" class=\"vc_single_image-img attachment-full\" alt=\"\" loading=\"lazy\" srcset=\"https:\/\/domainegmetz.com\/wp-content\/uploads\/2020\/11\/cave1-1000p.jpg 1000w, https:\/\/domainegmetz.com\/wp-content\/uploads\/2020\/11\/cave1-1000p-600x400.jpg 600w, https:\/\/domainegmetz.com\/wp-content\/uploads\/2020\/11\/cave1-1000p-768x512.jpg 768w, https:\/\/domainegmetz.com\/wp-content\/uploads\/2020\/11\/cave1-1000p-700x467.jpg 700w, https:\/\/domainegmetz.com\/wp-content\/uploads\/2020\/11\/cave1-1000p-300x200.jpg 300w\" sizes=\"(max-width: 1000px) 100vw, 1000px\" \/><\/div>\n\t\t<\/div>\n\t<\/div>\n<\/div><\/div><\/div><\/div><\/div><\/div><\/div><\/div><\/div><div id=\"terroir\"     class=\"vc_row wpb_row section vc_row-fluid  sectionhome\" style=' text-align:left;'><div class=\"full_section_inner clearfix\"><div class=\"wpb_column vc_column_container vc_col-sm-12\"><div class=\"vc_column-inner\"><div class=\"wpb_wrapper\"><div class='q_elements_holder two_columns responsive_mode_from_768 alignment_one_column_center' ><div class='q_elements_item' data-animation='no' data-item-class='q_elements_holder_custom_222466'><div class='q_elements_item_inner'><div class='q_elements_item_content q_elements_holder_custom_222466'>\n\t<div class=\"wpb_single_image wpb_content_element vc_align_left\">\n\t\t<div class=\"wpb_wrapper\">\n\t\t\t\n\t\t\t<div class=\"vc_single_image-wrapper   vc_box_border_grey\"><img width=\"1000\" height=\"667\" src=\"https:\/\/domainegmetz.com\/wp-content\/uploads\/2020\/11\/vignoble-epfig-1000px.jpg\" class=\"vc_single_image-img attachment-full\" alt=\"\" loading=\"lazy\" srcset=\"https:\/\/domainegmetz.com\/wp-content\/uploads\/2020\/11\/vignoble-epfig-1000px.jpg 1000w, https:\/\/domainegmetz.com\/wp-content\/uploads\/2020\/11\/vignoble-epfig-1000px-600x400.jpg 600w, https:\/\/domainegmetz.com\/wp-content\/uploads\/2020\/11\/vignoble-epfig-1000px-768x512.jpg 768w, https:\/\/domainegmetz.com\/wp-content\/uploads\/2020\/11\/vignoble-epfig-1000px-700x467.jpg 700w, https:\/\/domainegmetz.com\/wp-content\/uploads\/2020\/11\/vignoble-epfig-1000px-300x200.jpg 300w\" sizes=\"(max-width: 1000px) 100vw, 1000px\" \/><\/div>\n\t\t<\/div>\n\t<\/div>\n<\/div><\/div><\/div><div class='q_elements_item vcqodeitemholder' data-1280-1440='0px 100px 0px 100px' data-1024-1280='0px 50px 0px 50px' data-768-1024='20px 20px 20px 20px' data-600-768='0px 20px 0px 20px' data-480-600='0px 20px 0px 20px' data-480='0px 20px 0px 20px' data-animation='no' data-item-class='q_elements_holder_custom_885585'><div class='q_elements_item_inner'><div class='q_elements_item_content q_elements_holder_custom_885585' style='padding:0px 200px 0px 200px'>\n\t<div class=\"wpb_raw_code wpb_content_element wpb_raw_html\" >\n\t\t<div class=\"wpb_wrapper\">\n\t\t\t<div class=\"vcporteetitre\">\n<h2>Our Terroirs<\/h2>\n<?xml version=\"1.0\" encoding=\"utf-8\"?>\n<svg style=\"position: absolute\" version=\"1.1\" class=\"porteh2\" xmlns=\"http:\/\/www.w3.org\/2000\/svg\" xmlns:xlink=\"http:\/\/www.w3.org\/1999\/xlink\" x=\"0px\" y=\"0px\" viewbox=\"0 0 41.8\"\n\t xml:space=\"preserve\">\n<style type=\"text\/css\">\n\t.st0{fill:none;stroke:#707070;stroke-miterlimit:10;}\n<\/style>\n<line class=\"st0\" x1=\"0\" y1=\"0.5\" x2=\"100%\" y2=\"0.5\"\/>\n<line class=\"st0\" x1=\"0\" y1=\"10.7\" x2=\"100%\" y2=\"10.7\"\/>\n<line class=\"st0\" x1=\"0\" y1=\"20.9\" x2=\"100%\" y2=\"20.9\"\/>\n<line class=\"st0\" x1=\"0\" y1=\"31.1\" x2=\"100%\" y2=\"31.1\"\/>\n<line class=\"st0\" x1=\"0\" y1=\"41.3\" x2=\"100%\" y2=\"41.3\"\/>\n<\/svg>\n<\/div>\n\t\t<\/div>\n\t<\/div>\n\t<div class=\"vc_empty_space\"  style=\"height: 20px\" ><span\n\t\t\tclass=\"vc_empty_space_inner\">\n\t\t\t<span class=\"empty_space_image\"  ><\/span>\n\t\t<\/span><\/div>\n\n\n\t<div class=\"wpb_text_column wpb_content_element  vc_custom_1605822904112\">\n\t\t<div class=\"wpb_wrapper\">\n\t\t\t<p>Our 18 ha estate is located on the famous vineyard slopes of Itterswiller, Epfig, Nothalten, Heiligenstein and Mittelbergheim<\/p>\n<p>We favor organic cultivation for foliar treatments in order to produce a quality harvest.<\/p>\n\n\t\t<\/div> \n\t<\/div> \t<div class=\"vc_empty_space\"  style=\"height: 20px\" ><span\n\t\t\tclass=\"vc_empty_space_inner\">\n\t\t\t<span class=\"empty_space_image\"  ><\/span>\n\t\t<\/span><\/div>\n\n<a  itemprop=\"url\" href=\"https:\/\/domainegmetz.com\/en\/nos-terroirs\/\" target=\"_self\"  class=\"qbutton  default buttonsectionhome\" style=\"\">Discover our terroirs<\/a><\/div><\/div><\/div><\/div><\/div><\/div><\/div><\/div><\/div><div id=\"vins\"     class=\"vc_row wpb_row section vc_row-fluid  sectionhome\" style=' text-align:left;'><div class=\"full_section_inner clearfix\"><div class=\"wpb_column vc_column_container vc_col-sm-12\"><div class=\"vc_column-inner\"><div class=\"wpb_wrapper\"><div class='q_elements_holder two_columns responsive_mode_from_768 alignment_one_column_center' ><div class='q_elements_item vcqodeitemholder' data-1280-1440='0px 100px 0px 100px' data-1024-1280='0px 50px 0px 50px' data-768-1024='20px 20px 20px 20px' data-600-768='0px 20px 0px 20px' data-480-600='0px 20px 0px 20px' data-480='0px 20px 0px 20px' data-animation='no' data-item-class='q_elements_holder_custom_786715'><div class='q_elements_item_inner'><div class='q_elements_item_content q_elements_holder_custom_786715' style='padding:100px 190px 100px 190px'>\n\t<div class=\"wpb_raw_code wpb_content_element wpb_raw_html\" >\n\t\t<div class=\"wpb_wrapper\">\n\t\t\t<div class=\"vcporteetitre\">\n<h2>Our Wines<\/h2>\n<svg style=\"position: absolute\" version=\"1.1\" class=\"porteh2\" xmlns=\"http:\/\/www.w3.org\/2000\/svg\" xmlns:xlink=\"http:\/\/www.w3.org\/1999\/xlink\" x=\"0px\" y=\"0px\" viewbox=\"0 0 41.8\"\n\t xml:space=\"preserve\">\n<style type=\"text\/css\">\n\t.st0{fill:none;stroke:#707070;stroke-miterlimit:10;}\n<\/style>\n<line class=\"st0\" x1=\"0\" y1=\"0.5\" x2=\"100%\" y2=\"0.5\"\/>\n<line class=\"st0\" x1=\"0\" y1=\"10.7\" x2=\"100%\" y2=\"10.7\"\/>\n<line class=\"st0\" x1=\"0\" y1=\"20.9\" x2=\"100%\" y2=\"20.9\"\/>\n<line class=\"st0\" x1=\"0\" y1=\"31.1\" x2=\"100%\" y2=\"31.1\"\/>\n<line class=\"st0\" x1=\"0\" y1=\"41.3\" x2=\"100%\" y2=\"41.3\"\/>\n<\/svg>\n<\/div>\n\t\t<\/div>\n\t<\/div>\n\t<div class=\"vc_empty_space\"  style=\"height: 20px\" ><span\n\t\t\tclass=\"vc_empty_space_inner\">\n\t\t\t<span class=\"empty_space_image\"  ><\/span>\n\t\t<\/span><\/div>\n\n\n\t<div class=\"wpb_text_column wpb_content_element  vc_custom_1606404439193\">\n\t\t<div class=\"wpb_wrapper\">\n\t\t\t<p>Ranging from the driest to the sweetest and from the most mineral to the most fruity, our wines will not leave anyone indifferent.<\/p>\n<p>In the cellar, our vinification undergoes slow fermentations using indigenous yeasts, delicate pressings and maturing on whole lees.<\/p>\n<p>Our range is like a symphony whose notes are the terroirs, the grape varieties and the climate, blended in harmony.<\/p>\n\n\t\t<\/div> \n\t<\/div> \t<div class=\"vc_empty_space\"  style=\"height: 20px\" ><span\n\t\t\tclass=\"vc_empty_space_inner\">\n\t\t\t<span class=\"empty_space_image\"  ><\/span>\n\t\t<\/span><\/div>\n\n<a  itemprop=\"url\" href=\"https:\/\/domainegmetz.com\/en\/nos-vins\/\" target=\"_self\"  class=\"qbutton  default buttonsectionhome\" style=\"\">Discover the wines<\/a><\/div><\/div><\/div><div class='q_elements_item' data-animation='no' data-item-class='q_elements_holder_custom_541046'><div class='q_elements_item_inner'><div class='q_elements_item_content q_elements_holder_custom_541046'>\n\t<div class=\"wpb_single_image wpb_content_element vc_align_left\">\n\t\t<div class=\"wpb_wrapper\">\n\t\t\t\n\t\t\t<div class=\"vc_single_image-wrapper   vc_box_border_grey\"><img width=\"1000\" height=\"667\" src=\"https:\/\/domainegmetz.com\/wp-content\/uploads\/2020\/11\/caveau1000p.png\" class=\"vc_single_image-img attachment-full\" alt=\"\" loading=\"lazy\" srcset=\"https:\/\/domainegmetz.com\/wp-content\/uploads\/2020\/11\/caveau1000p.png 1000w, https:\/\/domainegmetz.com\/wp-content\/uploads\/2020\/11\/caveau1000p-600x400.png 600w, https:\/\/domainegmetz.com\/wp-content\/uploads\/2020\/11\/caveau1000p-768x512.png 768w, https:\/\/domainegmetz.com\/wp-content\/uploads\/2020\/11\/caveau1000p-700x467.png 700w, https:\/\/domainegmetz.com\/wp-content\/uploads\/2020\/11\/caveau1000p-300x200.png 300w\" sizes=\"(max-width: 1000px) 100vw, 1000px\" \/><\/div>\n\t\t<\/div>\n\t<\/div>\n<\/div><\/div><\/div><\/div><\/div><\/div><\/div><\/div><\/div><section id=\"evenement\"     data-speed=\"1\" class=\"parallax_section_holder\" style = \" height:px; background-image:url('https:\/\/domainegmetz.com\/wp-content\/uploads\/2019\/12\/raisincaisse-scaled-1.jpg');\"><div class=\"parallax_content left\"><div class='parallax_section_inner_margin clearfix'><div class=\"wpb_column vc_column_container vc_col-sm-12 vc_col-has-fill\"><div class=\"vc_column-inner vc_custom_1761572405439\"><div class=\"wpb_wrapper\">\n\t<div class=\"wpb_text_column wpb_content_element  vc_custom_1761557658750\">\n\t\t<div class=\"wpb_wrapper\">\n\t\t\t<h2 style=\"text-align: center;\">Events<\/h2>\n\n\t\t<\/div> \n\t<\/div> \n\t<div class=\"wpb_raw_code wpb_content_element wpb_raw_html vc_custom_1761557605000\" >\n\t\t<div class=\"wpb_wrapper\">\n\t\t\tNo events are planned currently. \n\t\t<\/div>\n\t<\/div>\n\n\n\t<a href=\"https:\/\/domainegmetz.com\/en\/evenements\/\" target=\"_self\" style=\"text-transform: uppercase\" class=\"qode-btn qode-btn-medium qode-btn-solid bt-event qode-btn-default-hover\"  >\n\t    <span class=\"qode-btn-text\">All the events<\/span>\t<\/a>\n\n<\/div><\/div><\/div><\/div><\/div><\/section>","protected":false},"excerpt":{"rendered":"Le Domaine Depuis le d\u00e9but du 18\u00e8me si\u00e8cle, la famille Metz cultive des vignes sur la commune d\u2019Epfig vigne cependant l\u2019activit\u00e9 principale a \u00e9t\u00e9 l\u2019agriculture jusque dans les ann\u00e9es 1920. C\u2019est en 1930 que Marcellin Metz s\u2019installe sur la commune voisine d\u2019Itterswiller et, \u00e0 partir...","protected":false},"author":1,"featured_media":0,"parent":0,"menu_order":0,"comment_status":"closed","ping_status":"closed","template":"full_width.php","meta":[],"_links":{"self":[{"href":"https:\/\/domainegmetz.com\/en\/wp-json\/wp\/v2\/pages\/21"}],"collection":[{"href":"https:\/\/domainegmetz.com\/en\/wp-json\/wp\/v2\/pages"}],"about":[{"href":"https:\/\/domainegmetz.com\/en\/wp-json\/wp\/v2\/types\/page"}],"author":[{"embeddable":true,"href":"https:\/\/domainegmetz.com\/en\/wp-json\/wp\/v2\/users\/1"}],"replies":[{"embeddable":true,"href":"https:\/\/domainegmetz.com\/en\/wp-json\/wp\/v2\/comments?post=21"}],"version-history":[{"count":52,"href":"https:\/\/domainegmetz.com\/en\/wp-json\/wp\/v2\/pages\/21\/revisions"}],"predecessor-version":[{"id":17899,"href":"https:\/\/domainegmetz.com\/en\/wp-json\/wp\/v2\/pages\/21\/revisions\/17899"}],"wp:attachment":[{"href":"https:\/\/domainegmetz.com\/en\/wp-json\/wp\/v2\/media?parent=21"}],"curies":[{"name":"wp","href":"https:\/\/api.w.org\/{rel}","templated":true}]}}