{"id":3,"date":"2020-11-16T23:02:24","date_gmt":"2020-11-16T22:02:24","guid":{"rendered":"http:\/\/domainegmetz.com\/?page_id=3"},"modified":"2025-10-31T18:29:26","modified_gmt":"2025-10-31T17:29:26","slug":"politique-confidentialite","status":"publish","type":"page","link":"https:\/\/domainegmetz.com\/en\/politique-confidentialite\/","title":{"rendered":"Politique de confidentialit\u00e9"},"content":{"rendered":"<div      class=\"vc_row wpb_row section vc_row-fluid  grid_section\" style=' text-align:left;'><div class=\"section_inner clearfix\"><div class='section_inner_margin clearfix'><div class=\"wpb_column vc_column_container vc_col-sm-12\"><div class=\"vc_column-inner\"><div class=\"wpb_wrapper\">\t<div class=\"vc_empty_space\"  style=\"height: 32px\" ><span\n\t\t\tclass=\"vc_empty_space_inner\">\n\t\t\t<span class=\"empty_space_image\"  ><\/span>\n\t\t<\/span><\/div>\n\n\n\t<div class=\"wpb_text_column wpb_content_element\">\n\t\t<div class=\"wpb_wrapper\">\n\t\t\t<h3><strong>POLITIQUE DE CONFIDENTIALIT\u00c9<\/strong><\/h3>\n\n\t\t<\/div> \n\t<\/div> \t<div class=\"vc_empty_space\"  style=\"height: 32px\" ><span\n\t\t\tclass=\"vc_empty_space_inner\">\n\t\t\t<span class=\"empty_space_image\"  ><\/span>\n\t\t<\/span><\/div>\n\n\n\t<div class=\"wpb_text_column wpb_content_element\">\n\t\t<div class=\"wpb_wrapper\">\n\t\t\t<div>\n<p>Domaine G.Metz<br \/>\n&#8220;www.domainegmetz.com&#8221;<br \/>\n40 Route des Vins, 67140 Itterswiller, FRANCE<\/p>\n<p>N\u00b0 SIRET :\u00a039316054400010<br \/>\nType de site\u00a0: boutique en ligne<\/p>\n<p>&nbsp;<\/p>\n<\/div>\n<div>\n<h4><strong><u>Le but de cette politique de confidentialit\u00e9 <\/u><\/strong><\/h4>\n<p>Le but de cette politique de confidentialit\u00e9 est d&#8217;informer les utilisateurs de notre site des donn\u00e9es personnelles que nous recueillons ainsi que des informations suivantes, le cas \u00e9ch\u00e9ant :<\/p>\n<ol class=\"list-style-type-lower-alpha\" start=\"1\">\n<li value=\"1\">Les donn\u00e9es personnelles que nous recueillerons<\/li>\n<li value=\"2\">L\u2019utilisation des donn\u00e9es recueillies<\/li>\n<li value=\"3\">Qui a acc\u00e8s aux donn\u00e9es recueillies<\/li>\n<li value=\"4\">Les droits des utilisateurs du site<\/li>\n<li value=\"5\">La politique de cookies du site<\/li>\n<\/ol>\n<p>Cette politique de confidentialit\u00e9 s&#8217;applique en compl\u00e9ment des conditions g\u00e9n\u00e9rales d\u2019utilisation de notre site.<\/p>\n<p>&nbsp;<\/p>\n<\/div>\n<div>\n<h4><strong><u>Lois applicables<\/u><\/strong><\/h4>\n<p>Conform\u00e9ment au <em>R\u00e8glement g\u00e9n\u00e9ral sur la protection des donn\u00e9es<\/em> (RGPD), cette politique de confidentialit\u00e9 est conforme aux normes suivantes.<\/p>\n<p>Les donn\u00e9es \u00e0 caract\u00e8re personnel doivent \u00eatre :<\/p>\n<ol class=\"list-style-type-lower-alpha\" start=\"1\">\n<li value=\"1\">trait\u00e9es de mani\u00e8re licite, loyale et transparente au regard de la personne concern\u00e9e (lic\u00e9it\u00e9, loyaut\u00e9, transparence) ;<\/li>\n<li value=\"2\">collect\u00e9es pour des finalit\u00e9s d\u00e9termin\u00e9es, explicites et l\u00e9gitimes, et ne pas \u00eatre trait\u00e9es ult\u00e9rieurement d&#8217;une mani\u00e8re incompatible avec ces finalit\u00e9s; le traitement ult\u00e9rieur \u00e0 des fins archivistiques dans l&#8217;int\u00e9r\u00eat public, \u00e0 des fins de recherche scientifique ou historique ou \u00e0 des fins statistiques n&#8217;est pas consid\u00e9r\u00e9, conform\u00e9ment \u00e0 l&#8217;article 89, paragraphe 1, comme incompatible avec les finalit\u00e9s initiales (limitation des finalit\u00e9s) ;<\/li>\n<li value=\"3\">ad\u00e9quates, pertinentes et limit\u00e9es \u00e0 ce qui est n\u00e9cessaire au regard des finalit\u00e9s pour lesquelles elles sont trait\u00e9es (minimisation des donn\u00e9es) ;<\/li>\n<li value=\"4\">exactes et, si n\u00e9cessaire, tenues \u00e0 jour; toutes les mesures raisonnables doivent \u00eatre prises pour que les donn\u00e9es \u00e0 caract\u00e8re personnel qui sont inexactes, eu \u00e9gard aux finalit\u00e9s pour lesquelles elles sont trait\u00e9es, soient effac\u00e9es ou rectifi\u00e9es sans tarder (exactitude) ;<\/li>\n<li value=\"5\">conserv\u00e9es sous une forme permettant l&#8217;identification des personnes concern\u00e9es pendant une dur\u00e9e n&#8217;exc\u00e9dant pas celle n\u00e9cessaire au regard des finalit\u00e9s pour lesquelles elles sont trait\u00e9es; les donn\u00e9es \u00e0 caract\u00e8re personnel peuvent \u00eatre conserv\u00e9es pour des dur\u00e9es plus longues dans la mesure o\u00f9 elles seront trait\u00e9es exclusivement \u00e0 des fins archivistiques dans l&#8217;int\u00e9r\u00eat public, \u00e0 des fins de recherche scientifique ou historique ou \u00e0 des fins statistiques conform\u00e9ment \u00e0 l&#8217;article 89, paragraphe 1, pour autant que soient mises en \u0153uvre les mesures techniques et organisationnelles appropri\u00e9es requises par le r\u00e8glement afin de garantir les droits et libert\u00e9s de la personne concern\u00e9e (limitation de la conservation) ;<\/li>\n<li value=\"6\">trait\u00e9es de fa\u00e7on \u00e0 garantir une s\u00e9curit\u00e9 appropri\u00e9e des donn\u00e9es \u00e0 caract\u00e8re personnel, y compris la protection contre le traitement non autoris\u00e9 ou illicite et contre la perte, la destruction ou les d\u00e9g\u00e2ts d&#8217;origine accidentelle, \u00e0 l&#8217;aide de mesures techniques ou organisationnelles appropri\u00e9es (int\u00e9grit\u00e9 et confidentialit\u00e9).<\/li>\n<\/ol>\n<p>Le traitement n&#8217;est licite que si, et dans la mesure o\u00f9, au moins une des conditions suivantes est remplie :<\/p>\n<ol class=\"list-style-type-lower-alpha\" start=\"1\">\n<li value=\"1\">la personne concern\u00e9e a consenti au traitement de ses donn\u00e9es \u00e0 caract\u00e8re personnel pour une ou plusieurs finalit\u00e9s sp\u00e9cifiques ;<\/li>\n<li value=\"2\">le traitement est n\u00e9cessaire \u00e0 l&#8217;ex\u00e9cution d&#8217;un contrat auquel la personne concern\u00e9e est partie ou \u00e0 l&#8217;ex\u00e9cution de mesures pr\u00e9contractuelles prises \u00e0 la demande de celle-ci ;<\/li>\n<li value=\"3\">le traitement est n\u00e9cessaire au respect d&#8217;une obligation l\u00e9gale \u00e0 laquelle le responsable du traitement est soumis ;<\/li>\n<li value=\"4\">le traitement est n\u00e9cessaire \u00e0 la sauvegarde des int\u00e9r\u00eats vitaux de la personne concern\u00e9e ou d&#8217;une autre personne physique ;<\/li>\n<li value=\"5\">le traitement est n\u00e9cessaire \u00e0 l&#8217;ex\u00e9cution d&#8217;une mission d&#8217;int\u00e9r\u00eat public ou relevant de l&#8217;exercice de l&#8217;autorit\u00e9 publique dont est investi le responsable du traitement ;<\/li>\n<li value=\"6\">le traitement est n\u00e9cessaire aux fins des int\u00e9r\u00eats l\u00e9gitimes poursuivis par le responsable du traitement ou par un tiers, \u00e0 moins que ne pr\u00e9valent les int\u00e9r\u00eats ou les libert\u00e9s et droits fondamentaux de la personne concern\u00e9e qui exigent une protection des donn\u00e9es \u00e0 caract\u00e8re personnel, notamment lorsque la personne concern\u00e9e est un enfant.<\/li>\n<\/ol>\n<p>Pour les r\u00e9sidents de l\u2019\u00c9tat de Californie, cette politique de confidentialit\u00e9 vise \u00e0 se conformer \u00e0 la <em>California Consumer Privacy Act (CCPA)<\/em>. S\u2019il y a des incoh\u00e9rences entre ce document et la <em>CCPA<\/em>, la l\u00e9gislation de l\u2019\u00c9tat s\u2019appliquera. Si nous constatons des incoh\u00e9rences, nous modifierons notre politique pour nous conformer \u00e0 la loi pertinente.<\/p>\n<p>&nbsp;<\/p>\n<\/div>\n<div>\n<h4><strong><u>Consentement<\/u><\/strong><\/h4>\n<p>Les utilisateurs conviennent qu\u2019en utilisant notre site, ils acceptent :<\/p>\n<ol class=\"list-style-type-lower-alpha\" start=\"1\">\n<li value=\"1\">les conditions \u00e9nonc\u00e9es dans la pr\u00e9sente politique de confidentialit\u00e9 et<\/li>\n<li value=\"2\">la collecte, l\u2019utilisation et la conservation des donn\u00e9es \u00e9num\u00e9r\u00e9es dans la pr\u00e9sente politique.<\/li>\n<\/ol>\n<p>&nbsp;<\/p>\n<\/div>\n<div>\n<h4><strong><u>Donn\u00e9es personnelles que nous collectons<\/u><\/strong><\/h4>\n<div>\n<div>\n<p><strong>Donn\u00e9es collect\u00e9es automatiquement<\/strong><\/p>\n<p>Nous ne collectons aucune donn\u00e9e automatiquement sur notre site.<\/p>\n<\/div>\n<div>\n<p><strong>Donn\u00e9es recueillies de fa\u00e7on non automatique<\/strong><\/p>\n<p>Nous pouvons \u00e9galement collecter les donn\u00e9es suivantes lorsque vous effectuez certaines fonctions sur notre site :<\/p>\n<ol class=\"list-style-type-lower-alpha\" start=\"1\">\n<li value=\"1\">Pr\u00e9nom et nom<\/li>\n<li value=\"2\">Email<\/li>\n<li value=\"3\">Num\u00e9ro de t\u00e9l\u00e9phone<\/li>\n<li value=\"4\">Domicile<\/li>\n<li value=\"5\">Information de paiement<\/li>\n<li value=\"6\">Donn\u00e9es de remplissage automatique<\/li>\n<\/ol>\n<p>Ces donn\u00e9es peuvent \u00eatre recueillies au moyen des m\u00e9thodes suivantes\u00a0:<\/p>\n<ol>\n<li>Cr\u00e9ation de commande<\/li>\n<li>Prise de contact<\/li>\n<\/ol>\n<\/div>\n<p>Veuillez noter que nous ne collectons que les donn\u00e9es qui nous aident \u00e0 atteindre l\u2019objectif \u00e9nonc\u00e9 dans cette politique de confidentialit\u00e9. Nous ne recueillerons pas de donn\u00e9es suppl\u00e9mentaires sans vous en informer au pr\u00e9alable.<\/p>\n<p>&nbsp;<\/p>\n<\/div>\n<\/div>\n<div>\n<h4><strong><u>Comment nous utilisons les donn\u00e9es personnelles<\/u><\/strong><\/h4>\n<p>Les donn\u00e9es personnelles recueillies sur notre site lors de la prise de commande seront utilis\u00e9es uniquement aux fins pr\u00e9cis\u00e9es dans la pr\u00e9sente politique ou indiqu\u00e9es sur les pages pertinentes de notre site. Nous n\u2019utiliserons pas vos donn\u00e9es au-del\u00e0 de ce que nous divulguerons.<\/p>\n<div>\n<p>Les donn\u00e9es personnelles recueillies sur notre site lors de la prise de contact seront conserv\u00e9es ind\u00e9finiment ou jusqu&#8217;\u00e0 la demande de suppression de l&#8217;utilisateur. Nous nous r\u00e9servons le droit d&#8217;utiliser ces donn\u00e9es \u00e0 des fins de communications.<\/p>\n<\/div>\n<\/div>\n<div>\n<p>&nbsp;<\/p>\n<h4><strong><u>Avec qui nous partageons les donn\u00e9es personnelles<\/u><\/strong><\/h4>\n<div>\n<p><strong>Employ\u00e9s<\/strong><br \/>\nNous pouvons divulguer \u00e0 tout membre de notre organisation les donn\u00e9es utilisateur dont ce membre a raisonnablement besoin pour r\u00e9aliser les objectifs \u00e9nonc\u00e9s dans la pr\u00e9sente politique.<\/p>\n<\/div>\n<div>\n<p><strong>Tierces parties<\/strong><br \/>\nLes tiers ne seront pas en mesure d\u2019acc\u00e9der aux donn\u00e9es des utilisateurs au-del\u00e0 de ce qui est raisonnablement n\u00e9cessaire pour atteindre l\u2019objectif donn\u00e9.<\/p>\n<\/div>\n<div>\n<p><strong>Autres divulgations<\/strong><br \/>\nNous nous engageons \u00e0 ne pas vendre ou partager vos donn\u00e9es avec des tiers, sauf dans les cas suivants\u00a0:<\/p>\n<ol class=\"list-style-type-lower-alpha\" start=\"1\">\n<li value=\"1\">si la loi l&#8217;exige<\/li>\n<li value=\"2\">si elle est requise pour toute proc\u00e9dure judiciaire<\/li>\n<li value=\"3\">pour prouver ou prot\u00e9ger nos droits l\u00e9gaux<\/li>\n<li value=\"4\">\u00e0 des acheteurs ou des acheteurs potentiels de cette soci\u00e9t\u00e9 dans le cas o\u00f9 nous cherchons \u00e0 la vendre la soci\u00e9t\u00e9<\/li>\n<\/ol>\n<p>Si vous consultez des hyperliens de notre site vers un autre site, veuillez noter que nous ne sommes pas responsables et n\u2019avons pas de contr\u00f4le sur leurs politiques et pratiques de confidentialit\u00e9.<\/p>\n<\/div>\n<\/div>\n<div>\n<p>&nbsp;<\/p>\n<h4><strong><u>Combien de temps nous stockons les donn\u00e9es personnelles<\/u><\/strong><\/h4>\n<p>Les donn\u00e9es personnelles sont conserv\u00e9es aussi longtemps que n\u00e9cessaire pour les fins pour lesquelles elles ont \u00e9t\u00e9 collect\u00e9es, ou pour se conformer \u00e0 nos obligations l\u00e9gales. Une fois cette dur\u00e9e \u00e9coul\u00e9e, les donn\u00e9es seront supprim\u00e9es de mani\u00e8re s\u00e9curis\u00e9e.<\/p>\n<\/div>\n<div>\n<p>&nbsp;<\/p>\n<h4><strong><u>Comment nous prot\u00e9geons vos donn\u00e9es personnelles<\/u><\/strong><\/h4>\n<p>Toutes les informations sensibles sont chiffr\u00e9es \u00e0 l&#8217;aide de technologies robustes. Lorsque vous vous connectez \u00e0 notre site, vos donn\u00e9es sont transmises via une connexion s\u00e9curis\u00e9e (HTTPS), garantissant qu&#8217;elles sont prot\u00e9g\u00e9es contre toute interception ou manipulation.<\/p>\n<p>Bien que nous prenions toutes les pr\u00e9cautions raisonnables pour s\u00e9curiser les donn\u00e9es de nos utilisateurs et garantir leur protection, il subsiste toujours un certain risque. L&#8217;Internet dans son ensemble peut parfois pr\u00e9senter des vuln\u00e9rabilit\u00e9s, et il nous est donc impossible d&#8217;assurer une s\u00e9curit\u00e9 absolue des donn\u00e9es des utilisateurs au-del\u00e0 de ce qui est raisonnablement r\u00e9alisable.<\/p>\n<p>En cas de violation de la s\u00e9curit\u00e9 affectant vos renseignements personnels, nous vous en informerons conform\u00e9ment aux obligations l\u00e9gales et prendrons les mesures n\u00e9cessaires pour en limiter les risques.<\/p>\n<\/div>\n<div>\n<p>&nbsp;<\/p>\n<h4><strong><u>Vos droits en tant qu\u2019utilisateur<\/u><\/strong><\/h4>\n<div>\n<p>En vertu du RGPD, les utilisateurs ont les droits suivants sur leurs donn\u00e9es en tant que personnes concern\u00e9es :<\/p>\n<ol class=\"list-style-type-lower-alpha\" start=\"1\">\n<li value=\"1\">droit d\u2019acc\u00e8s<\/li>\n<li value=\"2\">droit de rectification<\/li>\n<li value=\"3\">droit \u00e0 l\u2019effacement<\/li>\n<li value=\"4\">droit de restreindre le traitement<\/li>\n<li value=\"5\">droit \u00e0 la portabilit\u00e9 des donn\u00e9es<\/li>\n<li value=\"6\">droit d&#8217;objection<\/li>\n<\/ol>\n<p>Vous trouverez de plus amples informations sur ces droits au chapitre 3 (article 12-23) du RGPD.<\/p>\n<\/div>\n<\/div>\n<div>\n<p>&nbsp;<\/p>\n<h4><strong><u>Comment modifier, supprimer ou contester les donn\u00e9es recueillies<\/u><\/strong><\/h4>\n<p>Si vous souhaitez que vos renseignements soient supprim\u00e9s ou modifi\u00e9s d\u2019une fa\u00e7on ou d\u2019une autre, veuillez communiquer avec notre agent de protection des donn\u00e9es personnelles ici :<\/p>\n<p>Service Technique<br \/>\n40 Route des Vins, 67140 Itterswiller, France<br \/>\ntech@domainegmetz.com<\/p>\n<p>______________________________<\/p>\n<p>&nbsp;<\/p>\n<\/div>\n<div>\n<h4><strong><u>Politique sur les cookies<\/u><\/strong><\/h4>\n<p>Un cookies est un petit fichier stock\u00e9 sur le disque dur d\u2019un utilisateur par un site. Il permet de collecter des donn\u00e9es concernant les habitudes de navigation et les interactions de l\u2019utilisateur avec le site.<\/p>\n<p>Nous utilisons les types de cookies suivants sur notre site\u00a0:<\/p>\n<ul class=\"list-style-type-lower-alpha\">\n<li value=\"1\"><strong>Cookies fonctionnels<\/strong><br \/>\nNous les utilisons pour m\u00e9moriser toutes les s\u00e9lections que vous faites sur notre site afin qu\u2019elles soient sauvegard\u00e9es pour vos prochaines visites.<\/li>\n<\/ul>\n<p>Vous pouvez choisir d\u2019\u00eatre averti chaque fois qu\u2019un cookie est transmis ou de d\u00e9sactiver compl\u00e8tement les cookies en modifiant les param\u00e8tres de votre navigateur Internet. Cependant, veuillez noter que cela pourrait affecter certaines fonctionnalit\u00e9s du site et diminuer la qualit\u00e9 de votre exp\u00e9rience utilisateur.<\/p>\n<p>&nbsp;<\/p>\n<\/div>\n<div>\n<h4><strong><u>Modifications<\/u><\/strong><\/h4>\n<p>Cette politique de confidentialit\u00e9 peut \u00eatre modifi\u00e9e \u00e0 de temps \u00e0 autre afin de maintenir la conformit\u00e9 avec la loi et de tenir compte de tout changement \u00e0 notre processus de collecte de donn\u00e9es. Nous recommandons \u00e0 nos utilisateurs de v\u00e9rifier notre politique de confidentialit\u00e9 de temps \u00e0 autre pour s\u2019assurer qu\u2019ils soient inform\u00e9s de toute mise \u00e0 jour. Au besoin, nous pouvons informer les utilisateurs par courriel des changements apport\u00e9s \u00e0 cette politique.<\/p>\n<p>&nbsp;<\/p>\n<\/div>\n<div>\n<h4><strong><u>Contact Us<\/u><\/strong><\/h4>\n<p>Pour toute informations compl\u00e9mentaires, merci de nous contacter via le formulaire de contact sur ce site ou de nous faire parvenir un mail \u00e0 l&#8217;adresse suivante :<\/p>\n<p>info@domainegmetz.com<\/p>\n<p>&nbsp;<\/p>\n<\/div>\n\n\t\t<\/div> \n\t<\/div> <\/div><\/div><\/div><\/div><\/div><\/div>","protected":false},"excerpt":{"rendered":"POLITIQUE DE CONFIDENTIALIT\u00c9 Domaine G.Metz \"www.domainegmetz.com\" 40 Route des Vins, 67140 Itterswiller, FRANCE N\u00b0 SIRET :\u00a039316054400010 Type de site\u00a0: boutique en ligne &nbsp; Le but de cette politique de confidentialit\u00e9 Le but de cette politique de confidentialit\u00e9 est d'informer les utilisateurs de notre site des...","protected":false},"author":1,"featured_media":0,"parent":0,"menu_order":0,"comment_status":"closed","ping_status":"open","template":"full_width.php","meta":[],"_links":{"self":[{"href":"https:\/\/domainegmetz.com\/en\/wp-json\/wp\/v2\/pages\/3"}],"collection":[{"href":"https:\/\/domainegmetz.com\/en\/wp-json\/wp\/v2\/pages"}],"about":[{"href":"https:\/\/domainegmetz.com\/en\/wp-json\/wp\/v2\/types\/page"}],"author":[{"embeddable":true,"href":"https:\/\/domainegmetz.com\/en\/wp-json\/wp\/v2\/users\/1"}],"replies":[{"embeddable":true,"href":"https:\/\/domainegmetz.com\/en\/wp-json\/wp\/v2\/comments?post=3"}],"version-history":[{"count":15,"href":"https:\/\/domainegmetz.com\/en\/wp-json\/wp\/v2\/pages\/3\/revisions"}],"predecessor-version":[{"id":17882,"href":"https:\/\/domainegmetz.com\/en\/wp-json\/wp\/v2\/pages\/3\/revisions\/17882"}],"wp:attachment":[{"href":"https:\/\/domainegmetz.com\/en\/wp-json\/wp\/v2\/media?parent=3"}],"curies":[{"name":"wp","href":"https:\/\/api.w.org\/{rel}","templated":true}]}}