{"id":16458,"date":"2020-08-28T03:20:03","date_gmt":"2020-08-28T01:20:03","guid":{"rendered":"http:\/\/virgilcasimir.com\/projetswp\/gmetz\/?post_type=product&#038;p=16458"},"modified":"2025-11-24T10:54:17","modified_gmt":"2025-11-24T09:54:17","slug":"grand-cru-muenchberg-2021","status":"publish","type":"product","link":"https:\/\/domainegmetz.com\/en\/product\/grand-cru-muenchberg-2021\/","title":{"rendered":"Grand Cru Muenchberg 2022"},"content":{"rendered":"<div id=\"descriptionprincipale\"     class=\"vc_row wpb_row section vc_row-fluid  vc_custom_1606393831378 grid_section\" style=' text-align:left;'><div class=\"section_inner clearfix\"><div class='section_inner_margin clearfix'><div class=\"wpb_column vc_column_container vc_col-sm-12\"><div class=\"vc_column-inner\"><div class=\"wpb_wrapper\">\n\t<div class=\"wpb_text_column wpb_content_element\">\n\t\t<div class=\"wpb_wrapper\">\n\t\t\t<p><span style=\"font-weight: 400;\">Le Muenchberg est un terroir exceptionnel exploit\u00e9 depuis le XII\u00e8me si\u00e8cle par les moines cisterciens. Install\u00e9 sur un coteau orient\u00e9 plein sud, il b\u00e9n\u00e9ficie d\u2019un microclimat unique prot\u00e9g\u00e9 des vents et des pluies. Le sol et le sous-sol est compos\u00e9 de vieux s\u00e9diments volcaniques et de gr\u00e8s d\u00e9compos\u00e9s.<\/span><\/p>\n<p><span style=\"font-weight: 400;\">Le nez est puissant et profond m\u00ealant une pointe de r\u00e9glisse et d\u2019ar\u00f4me de pierre \u00e0 fusil. La bouche est vive et \u00e9lanc\u00e9e, tendue par une acidit\u00e9 invisible et d\u00e9ployant une mati\u00e8re dense, riche et velout\u00e9e. La finale est saline et pierreuse.<\/span><\/p>\n\n\t\t<\/div> \n\t<\/div> \n\t<div class=\"wpb_text_column wpb_content_element  vc_custom_1605788611855\">\n\t\t<div class=\"wpb_wrapper\">\n\t\t\t<h3>Food pairings :<\/h3>\n\n\t\t<\/div> \n\t<\/div> \n\t<div class=\"wpb_text_column wpb_content_element\">\n\t\t<div class=\"wpb_wrapper\">\n\t\t\t<p><span style=\"font-weight: 400;\">Ap\u00e9ritif, Saint-Jacques, poissons en sauce, tarte aux fromages, hu\u00eetres chaudes, blanquette de veau.<\/span><\/p>\n\n\t\t<\/div> \n\t<\/div> \n\t<div class=\"wpb_text_column wpb_content_element  vc_custom_1605788627235\">\n\t\t<div class=\"wpb_wrapper\">\n\t\t\t<h3>Aging :<\/h3>\n\n\t\t<\/div> \n\t<\/div> \n\t<div class=\"wpb_text_column wpb_content_element\">\n\t\t<div class=\"wpb_wrapper\">\n\t\t\t<p><span style=\"font-weight: 400;\">8 \u00e0 15 ans.<\/span><\/p>\n\n\t\t<\/div> \n\t<\/div> \n\t<div class=\"wpb_text_column wpb_content_element  vc_custom_1605788655403\">\n\t\t<div class=\"wpb_wrapper\">\n\t\t\t<h3>Serving temperature :<\/h3>\n\n\t\t<\/div> \n\t<\/div> \n\t<div class=\"wpb_text_column wpb_content_element\">\n\t\t<div class=\"wpb_wrapper\">\n\t\t\t<p><span style=\"font-weight: 400;\">10 &#8211; 12 \u00b0C<\/span><\/p>\n\n\t\t<\/div> \n\t<\/div> \t<div class=\"vc_empty_space\"  style=\"height: 20px\" ><span\n\t\t\tclass=\"vc_empty_space_inner\">\n\t\t\t<span class=\"empty_space_image\"  ><\/span>\n\t\t<\/span><\/div>\n\n\n\t<div class=\"wpb_text_column wpb_content_element\">\n\t\t<div class=\"wpb_wrapper\">\n\t\t\t<p><span style=\"font-weight: 400;\"><em>Vin Blanc Sec &#8211; 75 cl\u00a0<\/em> <\/span><\/p>\n\n\t\t<\/div> \n\t<\/div> <\/div><\/div><\/div><\/div><\/div><\/div><div id=\"fichetechnique\"     class=\"vc_row wpb_row section vc_row-fluid  fichetechnique vc_custom_1761574211528 grid_section\" style=' text-align:left;'><div class=\"section_inner clearfix\"><div class='section_inner_margin clearfix'><div class=\"wpb_column vc_column_container vc_col-sm-12 vc_col-has-fill\" id=\"ficheclass\"><div class=\"vc_column-inner vc_custom_1761312313746\"><div class=\"wpb_wrapper\"><div class='q_elements_holder two_columns responsive_mode_from_768' ><div class='q_elements_item' data-animation='no' data-item-class='q_elements_holder_custom_669866' style='background-color:#f73e2a;vertical-align:middle;text-align:center;'><div class='q_elements_item_inner'><div class='q_elements_item_content q_elements_holder_custom_669866'>\n\t<div class=\"wpb_text_column wpb_content_element\">\n\t\t<div class=\"wpb_wrapper\">\n\t\t\t<h4 style=\"text-align: center;\">Besoin de plus d&#8217;informations ?<\/h4>\n<h4 style=\"text-align: center;\">T\u00e9l\u00e9chargez la fiche de notre cuv\u00e9e.<\/h4>\n\n\t\t<\/div> \n\t<\/div> <\/div><\/div><\/div><div class='q_elements_item' data-animation='no' data-item-class='q_elements_holder_custom_207518' style='background-color:#f73e2a;vertical-align:middle;text-align:center;'><div class='q_elements_item_inner'><div class='q_elements_item_content q_elements_holder_custom_207518'>\n\t<div class=\"wpb_raw_code wpb_content_element wpb_raw_html\" >\n\t\t<div class=\"wpb_wrapper\">\n\t\t\t<a class=\"wp-block-button__link\" href=\"\/fichestechniques\/current\/EN\/grand-cru-muenchberg-2021_EN.pdf\" target=\"_blank\" rel=\"noopener\">\n    Download the technical sheet\n<\/a>\n\n  \n\t\t<\/div>\n\t<\/div>\n<\/div><\/div><\/div><\/div><\/div><\/div><\/div><\/div><\/div><\/div><div id=\"produitsimilaires\"     class=\"vc_row wpb_row section vc_row-fluid  produitsimilaires grid_section\" style=' text-align:left;'><div class=\"section_inner clearfix\"><div class='section_inner_margin clearfix'><div class=\"wpb_column vc_column_container vc_col-sm-12\"><div class=\"vc_column-inner\"><div class=\"wpb_wrapper\">\n\t<div class=\"wpb_raw_code wpb_content_element wpb_raw_html\" >\n\t\t<div class=\"wpb_wrapper\">\n\t\t\t\n\t\t<\/div>\n\t<\/div>\n<\/div><\/div><\/div><\/div><\/div><\/div>","protected":false},"excerpt":{"rendered":"Le Muenchberg est un terroir exceptionnel exploit\u00e9 depuis le XII\u00e8me si\u00e8cle par les moines cisterciens. Install\u00e9 sur un coteau orient\u00e9 plein sud, il b\u00e9n\u00e9ficie d\u2019un microclimat unique prot\u00e9g\u00e9 des vents et des pluies. Le sol et le sous-sol est compos\u00e9 de vieux s\u00e9diments volcaniques et...","protected":false},"featured_media":17724,"template":"","meta":[],"_links":{"self":[{"href":"https:\/\/domainegmetz.com\/en\/wp-json\/wp\/v2\/product\/16458"}],"collection":[{"href":"https:\/\/domainegmetz.com\/en\/wp-json\/wp\/v2\/product"}],"about":[{"href":"https:\/\/domainegmetz.com\/en\/wp-json\/wp\/v2\/types\/product"}],"wp:featuredmedia":[{"embeddable":true,"href":"https:\/\/domainegmetz.com\/en\/wp-json\/wp\/v2\/media\/17724"}],"wp:attachment":[{"href":"https:\/\/domainegmetz.com\/en\/wp-json\/wp\/v2\/media?parent=16458"}],"curies":[{"name":"wp","href":"https:\/\/api.w.org\/{rel}","templated":true}]}}