{"id":16459,"date":"2020-08-28T04:20:19","date_gmt":"2020-08-28T02:20:19","guid":{"rendered":"http:\/\/virgilcasimir.com\/projetswp\/gmetz\/?post_type=product&#038;p=16459"},"modified":"2025-11-24T10:54:02","modified_gmt":"2025-11-24T09:54:02","slug":"gewurztraminer-vt-2020","status":"publish","type":"product","link":"https:\/\/domainegmetz.com\/en\/product\/gewurztraminer-vt-2020\/","title":{"rendered":"Gewurztraminer Vendanges Tardives 2020"},"content":{"rendered":"<div id=\"descriptionprincipale\"     class=\"vc_row wpb_row section vc_row-fluid  vc_custom_1606393487153 grid_section\" style=' text-align:left;'><div class=\"section_inner clearfix\"><div class='section_inner_margin clearfix'><div class=\"wpb_column vc_column_container vc_col-sm-12\"><div class=\"vc_column-inner\"><div class=\"wpb_wrapper\">\n\t<div class=\"wpb_text_column wpb_content_element\">\n\t\t<div class=\"wpb_wrapper\">\n\t\t\t<p><strong>80 % de surmaturation<\/strong><\/p>\n<p><span style=\"font-weight: 400;\">D\u2019une belle couleur jaune or intense, le nez se r\u00e9v\u00e8le sur des notes charmeuses de miel de fruits confits et de fruit de la passion. La bouche douce, onctueuse et \u00e9l\u00e9gante r\u00e9v\u00e8le des ar\u00f4mes o\u00f9 se fondent des fruits m\u00fbrs, des fruits exotiques et de litchis en finale.<\/span><\/p>\n\n\t\t<\/div> \n\t<\/div> \n\t<div class=\"wpb_text_column wpb_content_element  vc_custom_1605788611855\">\n\t\t<div class=\"wpb_wrapper\">\n\t\t\t<h3>Food pairings :<\/h3>\n\n\t\t<\/div> \n\t<\/div> \n\t<div class=\"wpb_text_column wpb_content_element\">\n\t\t<div class=\"wpb_wrapper\">\n\t\t\t<p><span style=\"font-weight: 400;\">Ap\u00e9ritif, foie gras, fromage \u00e0 p\u00e2te persill\u00e9e, fin de repas.<\/span><\/p>\n\n\t\t<\/div> \n\t<\/div> \n\t<div class=\"wpb_text_column wpb_content_element  vc_custom_1605788627235\">\n\t\t<div class=\"wpb_wrapper\">\n\t\t\t<h3>Aging :<\/h3>\n\n\t\t<\/div> \n\t<\/div> \n\t<div class=\"wpb_text_column wpb_content_element\">\n\t\t<div class=\"wpb_wrapper\">\n\t\t\t<p><span style=\"font-weight: 400;\">10 \u00e0 15 ans.<\/span><\/p>\n\n\t\t<\/div> \n\t<\/div> \n\t<div class=\"wpb_text_column wpb_content_element  vc_custom_1605788655403\">\n\t\t<div class=\"wpb_wrapper\">\n\t\t\t<h3>Serving temperature :<\/h3>\n\n\t\t<\/div> \n\t<\/div> \n\t<div class=\"wpb_text_column wpb_content_element\">\n\t\t<div class=\"wpb_wrapper\">\n\t\t\t<p><span style=\"font-weight: 400;\">10 &#8211; 12 \u00b0C<\/span><\/p>\n\n\t\t<\/div> \n\t<\/div> \t<div class=\"vc_empty_space\"  style=\"height: 20px\" ><span\n\t\t\tclass=\"vc_empty_space_inner\">\n\t\t\t<span class=\"empty_space_image\"  ><\/span>\n\t\t<\/span><\/div>\n\n\n\t<div class=\"wpb_text_column wpb_content_element\">\n\t\t<div class=\"wpb_wrapper\">\n\t\t\t<p><em><span style=\"font-weight: 400;\">Vin Blanc Liquoreux &#8211; 50 cl\u00a0 <\/span><\/em><\/p>\n\n\t\t<\/div> \n\t<\/div> <\/div><\/div><\/div><\/div><\/div><\/div><div id=\"fichetechnique\"     class=\"vc_row wpb_row section vc_row-fluid  fichetechnique vc_custom_1761574211528 grid_section\" style=' text-align:left;'><div class=\"section_inner clearfix\"><div class='section_inner_margin clearfix'><div class=\"wpb_column vc_column_container vc_col-sm-12 vc_col-has-fill\" id=\"ficheclass\"><div class=\"vc_column-inner vc_custom_1761312313746\"><div class=\"wpb_wrapper\"><div class='q_elements_holder two_columns responsive_mode_from_768' ><div class='q_elements_item' data-animation='no' data-item-class='q_elements_holder_custom_125917' style='background-color:#f73e2a;vertical-align:middle;text-align:center;'><div class='q_elements_item_inner'><div class='q_elements_item_content q_elements_holder_custom_125917'>\n\t<div class=\"wpb_text_column wpb_content_element\">\n\t\t<div class=\"wpb_wrapper\">\n\t\t\t<h4 style=\"text-align: center;\">Besoin de plus d&#8217;informations ?<\/h4>\n<h4 style=\"text-align: center;\">T\u00e9l\u00e9chargez la fiche de notre cuv\u00e9e.<\/h4>\n\n\t\t<\/div> \n\t<\/div> <\/div><\/div><\/div><div class='q_elements_item' data-animation='no' data-item-class='q_elements_holder_custom_934976' style='background-color:#f73e2a;vertical-align:middle;text-align:center;'><div class='q_elements_item_inner'><div class='q_elements_item_content q_elements_holder_custom_934976'>\n\t<div class=\"wpb_raw_code wpb_content_element wpb_raw_html\" >\n\t\t<div class=\"wpb_wrapper\">\n\t\t\t<a class=\"wp-block-button__link\" href=\"\/fichestechniques\/current\/EN\/gewurztraminer-vt-2020_EN.pdf\" target=\"_blank\" rel=\"noopener\">\n    Download the technical sheet\n<\/a>\n\n  \n\t\t<\/div>\n\t<\/div>\n<\/div><\/div><\/div><\/div><\/div><\/div><\/div><\/div><\/div><\/div><div id=\"produitsimilaires\"     class=\"vc_row wpb_row section vc_row-fluid  produitsimilaires grid_section\" style=' text-align:left;'><div class=\"section_inner clearfix\"><div class='section_inner_margin clearfix'><div class=\"wpb_column vc_column_container vc_col-sm-12\"><div class=\"vc_column-inner\"><div class=\"wpb_wrapper\">\n\t<div class=\"wpb_raw_code wpb_content_element wpb_raw_html\" >\n\t\t<div class=\"wpb_wrapper\">\n\t\t\t\n\t\t<\/div>\n\t<\/div>\n<\/div><\/div><\/div><\/div><\/div><\/div>","protected":false},"excerpt":{"rendered":"80 % de surmaturation D\u2019une belle couleur jaune or intense, le nez se r\u00e9v\u00e8le sur des notes charmeuses de miel de fruits confits et de fruit de la passion. La bouche douce, onctueuse et \u00e9l\u00e9gante r\u00e9v\u00e8le des ar\u00f4mes o\u00f9 se fondent des fruits m\u00fbrs, des...","protected":false},"featured_media":17745,"template":"","meta":[],"_links":{"self":[{"href":"https:\/\/domainegmetz.com\/en\/wp-json\/wp\/v2\/product\/16459"}],"collection":[{"href":"https:\/\/domainegmetz.com\/en\/wp-json\/wp\/v2\/product"}],"about":[{"href":"https:\/\/domainegmetz.com\/en\/wp-json\/wp\/v2\/types\/product"}],"wp:featuredmedia":[{"embeddable":true,"href":"https:\/\/domainegmetz.com\/en\/wp-json\/wp\/v2\/media\/17745"}],"wp:attachment":[{"href":"https:\/\/domainegmetz.com\/en\/wp-json\/wp\/v2\/media?parent=16459"}],"curies":[{"name":"wp","href":"https:\/\/api.w.org\/{rel}","templated":true}]}}