{"id":16461,"date":"2020-08-28T04:15:39","date_gmt":"2020-08-28T02:15:39","guid":{"rendered":"http:\/\/virgilcasimir.com\/projetswp\/gmetz\/?post_type=product&#038;p=16461"},"modified":"2025-11-24T10:54:06","modified_gmt":"2025-11-24T09:54:06","slug":"pinot-noir-haydi-2023","status":"publish","type":"product","link":"https:\/\/domainegmetz.com\/en\/product\/pinot-noir-haydi-2023\/","title":{"rendered":"Terroir du Haydi 2023"},"content":{"rendered":"<div id=\"descriptionprincipale\"     class=\"vc_row wpb_row section vc_row-fluid  vc_custom_1606393475876 grid_section\" style=' text-align:left;'><div class=\"section_inner clearfix\"><div class='section_inner_margin clearfix'><div class=\"wpb_column vc_column_container vc_col-sm-12\"><div class=\"vc_column-inner\"><div class=\"wpb_wrapper\">\n\t<div class=\"wpb_text_column wpb_content_element\">\n\t\t<div class=\"wpb_wrapper\">\n\t\t\t<p><span style=\"font-weight: 400;\">Elev\u00e9 en barriques de 2<\/span><span style=\"font-weight: 400;\">\u00e8me<\/span><span style=\"font-weight: 400;\"> vin pendant 12 mois, ce pinot noir d\u2019une couleur rubis profond r\u00e9v\u00e8le un nez l\u00e9g\u00e8rement bois\u00e9, mais pas trop, avec des notes de fruits noirs, de m\u00fbres et de cassis. La bouche est intense, ample et \u00e9quilibr\u00e9e avec une finale longue et fruit\u00e9e.<\/span><\/p>\n\n\t\t<\/div> \n\t<\/div> \n\t<div class=\"wpb_text_column wpb_content_element  vc_custom_1605788611855\">\n\t\t<div class=\"wpb_wrapper\">\n\t\t\t<h3>Food pairings :<\/h3>\n\n\t\t<\/div> \n\t<\/div> \n\t<div class=\"wpb_text_column wpb_content_element\">\n\t\t<div class=\"wpb_wrapper\">\n\t\t\t<p><span style=\"font-weight: 400;\">Viandes grill\u00e9es, gibier, canard, agneau, fromages, chocolat noir.<\/span><\/p>\n\n\t\t<\/div> \n\t<\/div> \n\t<div class=\"wpb_text_column wpb_content_element  vc_custom_1605788627235\">\n\t\t<div class=\"wpb_wrapper\">\n\t\t\t<h3>Aging :<\/h3>\n\n\t\t<\/div> \n\t<\/div> \n\t<div class=\"wpb_text_column wpb_content_element\">\n\t\t<div class=\"wpb_wrapper\">\n\t\t\t<p><span style=\"font-weight: 400;\">7 \u00e0 10 ans.<\/span><\/p>\n\n\t\t<\/div> \n\t<\/div> \n\t<div class=\"wpb_text_column wpb_content_element  vc_custom_1605788655403\">\n\t\t<div class=\"wpb_wrapper\">\n\t\t\t<h3>Serving temperature :<\/h3>\n\n\t\t<\/div> \n\t<\/div> \n\t<div class=\"wpb_text_column wpb_content_element\">\n\t\t<div class=\"wpb_wrapper\">\n\t\t\t<p><span style=\"font-weight: 400;\">10 &#8211; 12 \u00b0C<\/span><\/p>\n\n\t\t<\/div> \n\t<\/div> \t<div class=\"vc_empty_space\"  style=\"height: 20px\" ><span\n\t\t\tclass=\"vc_empty_space_inner\">\n\t\t\t<span class=\"empty_space_image\"  ><\/span>\n\t\t<\/span><\/div>\n\n\n\t<div class=\"wpb_text_column wpb_content_element\">\n\t\t<div class=\"wpb_wrapper\">\n\t\t\t<p><span style=\"font-weight: 400;\"><em>Vin Rouge &#8211; 75 cl\u00a0<\/em> <\/span><\/p>\n\n\t\t<\/div> \n\t<\/div> <\/div><\/div><\/div><\/div><\/div><\/div><div id=\"fichetechnique\"     class=\"vc_row wpb_row section vc_row-fluid  fichetechnique vc_custom_1761574211528 grid_section\" style=' text-align:left;'><div class=\"section_inner clearfix\"><div class='section_inner_margin clearfix'><div class=\"wpb_column vc_column_container vc_col-sm-12 vc_col-has-fill\" id=\"ficheclass\"><div class=\"vc_column-inner vc_custom_1761312313746\"><div class=\"wpb_wrapper\"><div class='q_elements_holder two_columns responsive_mode_from_768' ><div class='q_elements_item' data-animation='no' data-item-class='q_elements_holder_custom_162339' style='background-color:#f73e2a;vertical-align:middle;text-align:center;'><div class='q_elements_item_inner'><div class='q_elements_item_content q_elements_holder_custom_162339'>\n\t<div class=\"wpb_text_column wpb_content_element\">\n\t\t<div class=\"wpb_wrapper\">\n\t\t\t<h4 style=\"text-align: center;\">Besoin de plus d&#8217;informations ?<\/h4>\n<h4 style=\"text-align: center;\">T\u00e9l\u00e9chargez la fiche de notre cuv\u00e9e.<\/h4>\n\n\t\t<\/div> \n\t<\/div> <\/div><\/div><\/div><div class='q_elements_item' data-animation='no' data-item-class='q_elements_holder_custom_992122' style='background-color:#f73e2a;vertical-align:middle;text-align:center;'><div class='q_elements_item_inner'><div class='q_elements_item_content q_elements_holder_custom_992122'>\n\t<div class=\"wpb_raw_code wpb_content_element wpb_raw_html\" >\n\t\t<div class=\"wpb_wrapper\">\n\t\t\t<a class=\"wp-block-button__link\" href=\"\/fichestechniques\/current\/EN\/pinot-noir-haydi-2023_EN.pdf\" target=\"_blank\" rel=\"noopener\">\n    Download the technical sheet\n<\/a>\n\n  \n\t\t<\/div>\n\t<\/div>\n<\/div><\/div><\/div><\/div><\/div><\/div><\/div><\/div><\/div><\/div><div id=\"produitsimilaires\"     class=\"vc_row wpb_row section vc_row-fluid  produitsimilaires grid_section\" style=' text-align:left;'><div class=\"section_inner clearfix\"><div class='section_inner_margin clearfix'><div class=\"wpb_column vc_column_container vc_col-sm-12\"><div class=\"vc_column-inner\"><div class=\"wpb_wrapper\">\n\t<div class=\"wpb_raw_code wpb_content_element wpb_raw_html\" >\n\t\t<div class=\"wpb_wrapper\">\n\t\t\t\n\t\t<\/div>\n\t<\/div>\n<\/div><\/div><\/div><\/div><\/div><\/div>","protected":false},"excerpt":{"rendered":"Elev\u00e9 en barriques de 2\u00e8me vin pendant 12 mois, ce pinot noir d\u2019une couleur rubis profond r\u00e9v\u00e8le un nez l\u00e9g\u00e8rement bois\u00e9, mais pas trop, avec des notes de fruits noirs, de m\u00fbres et de cassis. La bouche est intense, ample et \u00e9quilibr\u00e9e avec une finale...","protected":false},"featured_media":17723,"template":"","meta":[],"_links":{"self":[{"href":"https:\/\/domainegmetz.com\/en\/wp-json\/wp\/v2\/product\/16461"}],"collection":[{"href":"https:\/\/domainegmetz.com\/en\/wp-json\/wp\/v2\/product"}],"about":[{"href":"https:\/\/domainegmetz.com\/en\/wp-json\/wp\/v2\/types\/product"}],"wp:featuredmedia":[{"embeddable":true,"href":"https:\/\/domainegmetz.com\/en\/wp-json\/wp\/v2\/media\/17723"}],"wp:attachment":[{"href":"https:\/\/domainegmetz.com\/en\/wp-json\/wp\/v2\/media?parent=16461"}],"curies":[{"name":"wp","href":"https:\/\/api.w.org\/{rel}","templated":true}]}}