{"id":16606,"date":"2020-11-05T02:15:26","date_gmt":"2020-11-05T01:15:26","guid":{"rendered":"http:\/\/virgilcasimir.com\/projetswp\/gmetz\/?post_type=product&#038;p=16606"},"modified":"2025-12-03T10:12:23","modified_gmt":"2025-12-03T09:12:23","slug":"wine-note-orange-2023","status":"publish","type":"product","link":"https:\/\/domainegmetz.com\/en\/product\/wine-note-orange-2023\/","title":{"rendered":"Wine Note Orange 2023"},"content":{"rendered":"<div id=\"descriptionprincipale\"     class=\"vc_row wpb_row section vc_row-fluid  vc_custom_1606393515046 grid_section\" style=' text-align:left;'><div class=\"section_inner clearfix\"><div class='section_inner_margin clearfix'><div class=\"wpb_column vc_column_container vc_col-sm-12\"><div class=\"vc_column-inner\"><div class=\"wpb_wrapper\">\n\t<div class=\"wpb_text_column wpb_content_element\">\n\t\t<div class=\"wpb_wrapper\">\n\t\t\t<p><span style=\"font-weight: 400;\">La couleur l\u00e9g\u00e8rement orange soutenu est obtenue par une mac\u00e9ration de Pinot Gris en grappes enti\u00e8res pendant 7 jours. Le nez est complexe avec des notes d\u2019\u00e9pices, de torr\u00e9faction et de tabac blond. La bouche est tonique avec des tanins et des amers fondus. La finale est longue et persistante.<\/span><\/p>\n\n\t\t<\/div> \n\t<\/div> \n\t<div class=\"wpb_text_column wpb_content_element  vc_custom_1605788611855\">\n\t\t<div class=\"wpb_wrapper\">\n\t\t\t<h3>Food pairings :<\/h3>\n\n\t\t<\/div> \n\t<\/div> \n\t<div class=\"wpb_text_column wpb_content_element\">\n\t\t<div class=\"wpb_wrapper\">\n\t\t\t<p><span style=\"font-weight: 400;\">Fromage de caract\u00e8re, comt\u00e9, cuisine \u00e9pic\u00e9e et relev\u00e9e.<\/span><\/p>\n\n\t\t<\/div> \n\t<\/div> \n\t<div class=\"wpb_text_column wpb_content_element  vc_custom_1605788627235\">\n\t\t<div class=\"wpb_wrapper\">\n\t\t\t<h3>Aging :<\/h3>\n\n\t\t<\/div> \n\t<\/div> \n\t<div class=\"wpb_text_column wpb_content_element\">\n\t\t<div class=\"wpb_wrapper\">\n\t\t\t<p><span style=\"font-weight: 400;\">2 \u00e0 5 ans.<\/span><\/p>\n\n\t\t<\/div> \n\t<\/div> \n\t<div class=\"wpb_text_column wpb_content_element  vc_custom_1605788655403\">\n\t\t<div class=\"wpb_wrapper\">\n\t\t\t<h3>Serving temperature :<\/h3>\n\n\t\t<\/div> \n\t<\/div> \n\t<div class=\"wpb_text_column wpb_content_element\">\n\t\t<div class=\"wpb_wrapper\">\n\t\t\t<p><span style=\"font-weight: 400;\">10 &#8211; 12 \u00b0C<\/span><\/p>\n\n\t\t<\/div> \n\t<\/div> \t<div class=\"vc_empty_space\"  style=\"height: 20px\" ><span\n\t\t\tclass=\"vc_empty_space_inner\">\n\t\t\t<span class=\"empty_space_image\"  ><\/span>\n\t\t<\/span><\/div>\n\n\n\t<div class=\"wpb_text_column wpb_content_element\">\n\t\t<div class=\"wpb_wrapper\">\n\t\t\t<p><span style=\"font-weight: 400;\"><em>Vin Orange Sec Nature &#8211; 75 cl\u00a0<\/em> <\/span><\/p>\n\n\t\t<\/div> \n\t<\/div> <\/div><\/div><\/div><\/div><\/div><\/div><div id=\"fichetechnique\"     class=\"vc_row wpb_row section vc_row-fluid  fichetechnique vc_custom_1761574211528 grid_section\" style=' text-align:left;'><div class=\"section_inner clearfix\"><div class='section_inner_margin clearfix'><div class=\"wpb_column vc_column_container vc_col-sm-12 vc_col-has-fill\" id=\"ficheclass\"><div class=\"vc_column-inner vc_custom_1761312313746\"><div class=\"wpb_wrapper\"><div class='q_elements_holder two_columns responsive_mode_from_768' ><div class='q_elements_item' data-animation='no' data-item-class='q_elements_holder_custom_568738' style='background-color:#f73e2a;vertical-align:middle;text-align:center;'><div class='q_elements_item_inner'><div class='q_elements_item_content q_elements_holder_custom_568738'>\n\t<div class=\"wpb_text_column wpb_content_element\">\n\t\t<div class=\"wpb_wrapper\">\n\t\t\t<h4 style=\"text-align: center;\">Besoin de plus d&#8217;informations ?<\/h4>\n<h4 style=\"text-align: center;\">T\u00e9l\u00e9chargez la fiche de notre cuv\u00e9e.<\/h4>\n\n\t\t<\/div> \n\t<\/div> <\/div><\/div><\/div><div class='q_elements_item' data-animation='no' data-item-class='q_elements_holder_custom_631049' style='background-color:#f73e2a;vertical-align:middle;text-align:center;'><div class='q_elements_item_inner'><div class='q_elements_item_content q_elements_holder_custom_631049'>\n\t<div class=\"wpb_raw_code wpb_content_element wpb_raw_html\" >\n\t\t<div class=\"wpb_wrapper\">\n\t\t\t<a class=\"wp-block-button__link\" href=\"\/fichestechniques\/current\/EN\/wine-note-orange-2023_EN.pdf\" target=\"_blank\" rel=\"noopener\">\n    Download the technical sheet\n<\/a>\n\n  \n\t\t<\/div>\n\t<\/div>\n<\/div><\/div><\/div><\/div><\/div><\/div><\/div><\/div><\/div><\/div><div id=\"produitsimilaires\"     class=\"vc_row wpb_row section vc_row-fluid  produitsimilaires grid_section\" style=' text-align:left;'><div class=\"section_inner clearfix\"><div class='section_inner_margin clearfix'><div class=\"wpb_column vc_column_container vc_col-sm-12\"><div class=\"vc_column-inner\"><div class=\"wpb_wrapper\">\n\t<div class=\"wpb_raw_code wpb_content_element wpb_raw_html\" >\n\t\t<div class=\"wpb_wrapper\">\n\t\t\t\n\t\t<\/div>\n\t<\/div>\n<\/div><\/div><\/div><\/div><\/div><\/div>","protected":false},"excerpt":{"rendered":"La couleur l\u00e9g\u00e8rement orange soutenu est obtenue par une mac\u00e9ration de Pinot Gris en grappes enti\u00e8res pendant 7 jours. Le nez est complexe avec des notes d\u2019\u00e9pices, de torr\u00e9faction et de tabac blond. La bouche est tonique avec des tanins et des amers fondus. La...","protected":false},"featured_media":17727,"template":"","meta":[],"_links":{"self":[{"href":"https:\/\/domainegmetz.com\/en\/wp-json\/wp\/v2\/product\/16606"}],"collection":[{"href":"https:\/\/domainegmetz.com\/en\/wp-json\/wp\/v2\/product"}],"about":[{"href":"https:\/\/domainegmetz.com\/en\/wp-json\/wp\/v2\/types\/product"}],"wp:featuredmedia":[{"embeddable":true,"href":"https:\/\/domainegmetz.com\/en\/wp-json\/wp\/v2\/media\/17727"}],"wp:attachment":[{"href":"https:\/\/domainegmetz.com\/en\/wp-json\/wp\/v2\/media?parent=16606"}],"curies":[{"name":"wp","href":"https:\/\/api.w.org\/{rel}","templated":true}]}}